{"id":410,"date":"2022-10-26T18:07:56","date_gmt":"2022-10-26T16:07:56","guid":{"rendered":"https:\/\/cyberwroc.pl\/?page_id=410"},"modified":"2022-10-26T18:07:56","modified_gmt":"2022-10-26T16:07:56","slug":"gwiazdy-sa-w-porzadku","status":"publish","type":"page","link":"https:\/\/cyberwroc.pl\/index.php\/gwiazdy-sa-w-porzadku\/","title":{"rendered":"Gwiazdy s\u0105 w porz\u0105dku"},"content":{"rendered":"\n<div class=\"wp-block-media-text alignwide is-stacked-on-mobile\"><figure class=\"wp-block-media-text__media\"><img decoding=\"async\" src=\"https:\/\/planszostrefa.pl\/userdata\/public\/gfx\/e17e2204f9a846ac91015a16df9531bc.jpg\" alt=\"\"\/><\/figure><div class=\"wp-block-media-text__content\">\n<p>W \u201eGwiazdy s\u0105 w Porz\u0105dku\u201d wcielasz si\u0119 w rol\u0119 kultysty przywo\u0142uj\u0105cego koszmary spoza czasu i przestrzeni rodem z prozy Lovecrafta. Rzucaj zakl\u0119cia, aby przesuwa\u0107 kafelki, z kt\u00f3rych sk\u0142ada si\u0119 niebo tworz\u0105c w ten spos\u00f3b wzory pozwalaj\u0105ce na przyzywanie coraz to pot\u0119\u017cniejszych istot. W ko\u0144cu zgromadzisz u swego boku zast\u0119py S\u0142ug, kt\u00f3re b\u0119d\u0105 mog\u0142y dokona\u0107 serii przesuni\u0119\u0107, zamian i obrot\u00f3w wprawiaj\u0105c niebiosa w ruch. Spraw, \u017ceby gwiazdy by\u0142y w porz\u0105dku, przyzwij Wielkich Przedwiecznych i wygraj!<\/p>\n\n\n\n<p><\/p>\n\n\n\n<p>Wygrywa gracz, kt\u00f3ry jako pierwszy przyzwie najpot\u0119\u017cniejszych Przedwiecznych i zdob\u0119dzie 10 punkt\u00f3w.<\/p>\n<\/div><\/div>\n","protected":false},"excerpt":{"rendered":"<p>W \u201eGwiazdy s\u0105 w Porz\u0105dku\u201d wcielasz si\u0119 w rol\u0119 kultysty przywo\u0142uj\u0105cego koszmary spoza czasu i przestrzeni rodem z prozy Lovecrafta. Rzucaj zakl\u0119cia, aby przesuwa\u0107 kafelki, z kt\u00f3rych sk\u0142ada si\u0119 niebo tworz\u0105c w ten spos\u00f3b wzory pozwalaj\u0105ce na przyzywanie coraz to pot\u0119\u017cniejszych istot. W ko\u0144cu zgromadzisz u swego boku zast\u0119py S\u0142ug, kt\u00f3re b\u0119d\u0105 mog\u0142y dokona\u0107 serii [&hellip;]<\/p>\n","protected":false},"author":3,"featured_media":0,"parent":0,"menu_order":0,"comment_status":"closed","ping_status":"closed","template":"","meta":{"footnotes":""},"class_list":["post-410","page","type-page","status-publish","hentry"],"_links":{"self":[{"href":"https:\/\/cyberwroc.pl\/index.php\/wp-json\/wp\/v2\/pages\/410","targetHints":{"allow":["GET"]}}],"collection":[{"href":"https:\/\/cyberwroc.pl\/index.php\/wp-json\/wp\/v2\/pages"}],"about":[{"href":"https:\/\/cyberwroc.pl\/index.php\/wp-json\/wp\/v2\/types\/page"}],"author":[{"embeddable":true,"href":"https:\/\/cyberwroc.pl\/index.php\/wp-json\/wp\/v2\/users\/3"}],"replies":[{"embeddable":true,"href":"https:\/\/cyberwroc.pl\/index.php\/wp-json\/wp\/v2\/comments?post=410"}],"version-history":[{"count":1,"href":"https:\/\/cyberwroc.pl\/index.php\/wp-json\/wp\/v2\/pages\/410\/revisions"}],"predecessor-version":[{"id":411,"href":"https:\/\/cyberwroc.pl\/index.php\/wp-json\/wp\/v2\/pages\/410\/revisions\/411"}],"wp:attachment":[{"href":"https:\/\/cyberwroc.pl\/index.php\/wp-json\/wp\/v2\/media?parent=410"}],"curies":[{"name":"wp","href":"https:\/\/api.w.org\/{rel}","templated":true}]}}