{"id":425,"date":"2022-11-05T11:28:52","date_gmt":"2022-11-05T10:28:52","guid":{"rendered":"https:\/\/cyberwroc.pl\/?page_id=425"},"modified":"2022-11-09T15:25:54","modified_gmt":"2022-11-09T14:25:54","slug":"uno","status":"publish","type":"page","link":"https:\/\/cyberwroc.pl\/index.php\/uno\/","title":{"rendered":"UNO"},"content":{"rendered":"\n<p><\/p>\n\n\n\n<div class=\"wp-block-media-text alignwide is-stacked-on-mobile\"><figure class=\"wp-block-media-text__media\"><img decoding=\"async\" src=\"https:\/\/ecsmedia.pl\/c\/mattel-gra-karciana-uno-w2085-b-iext121199170.jpg\" alt=\"\"\/><\/figure><div class=\"wp-block-media-text__content\">\n<p>Gra karciana, sk\u0142adaj\u0105ca si\u0119 ze&nbsp;112 kart&nbsp;w&nbsp;4 r\u00f3\u017cnych kolorach&nbsp;oraz&nbsp;karty akcji. Celem gry jest jak najszybsze pozbycie si\u0119 kart w&nbsp;ka\u017cdej rundzie i&nbsp;zdobycie punkt\u00f3w za karty, kt\u00f3re zosta\u0142y w&nbsp;r\u0119kach innych graczy. Zwyci\u0119\u017ca gracz, kt\u00f3ry jako pierwszy zdob\u0119dzie&nbsp;500 punkt\u00f3w. Po wy\u0142o\u017ceniu przedostatniej karty gracz musi krzykn\u0105\u0107&nbsp;<strong>\u201eUNO\u201d<\/strong>, tzn.&nbsp;<em>\u201ejeden\u201d<\/em>. Je\u015bli nie krzyknie i&nbsp;zostanie \u201eprzy\u0142apany\u201d, bierze kolejne karty.<\/p>\n<\/div><\/div>\n\n\n\n<p class=\"has-text-align-center has-large-font-size\"><a href=\"https:\/\/faktysatakie.pl\/wp-content\/uploads\/2020\/04\/uno-instrukcja.pdf\"><strong>INSTRUKCJA<\/strong><\/a><\/p>\n","protected":false},"excerpt":{"rendered":"<p>Gra karciana, sk\u0142adaj\u0105ca si\u0119 ze&nbsp;112 kart&nbsp;w&nbsp;4 r\u00f3\u017cnych kolorach&nbsp;oraz&nbsp;karty akcji. Celem gry jest jak najszybsze pozbycie si\u0119 kart w&nbsp;ka\u017cdej rundzie i&nbsp;zdobycie punkt\u00f3w za karty, kt\u00f3re zosta\u0142y w&nbsp;r\u0119kach innych graczy. Zwyci\u0119\u017ca gracz, kt\u00f3ry jako pierwszy zdob\u0119dzie&nbsp;500 punkt\u00f3w. Po wy\u0142o\u017ceniu przedostatniej karty gracz musi krzykn\u0105\u0107&nbsp;\u201eUNO\u201d, tzn.&nbsp;\u201ejeden\u201d. Je\u015bli nie krzyknie i&nbsp;zostanie \u201eprzy\u0142apany\u201d, bierze kolejne karty. INSTRUKCJA<\/p>\n","protected":false},"author":3,"featured_media":0,"parent":0,"menu_order":0,"comment_status":"closed","ping_status":"closed","template":"","meta":{"footnotes":""},"class_list":["post-425","page","type-page","status-publish","hentry"],"_links":{"self":[{"href":"https:\/\/cyberwroc.pl\/index.php\/wp-json\/wp\/v2\/pages\/425","targetHints":{"allow":["GET"]}}],"collection":[{"href":"https:\/\/cyberwroc.pl\/index.php\/wp-json\/wp\/v2\/pages"}],"about":[{"href":"https:\/\/cyberwroc.pl\/index.php\/wp-json\/wp\/v2\/types\/page"}],"author":[{"embeddable":true,"href":"https:\/\/cyberwroc.pl\/index.php\/wp-json\/wp\/v2\/users\/3"}],"replies":[{"embeddable":true,"href":"https:\/\/cyberwroc.pl\/index.php\/wp-json\/wp\/v2\/comments?post=425"}],"version-history":[{"count":2,"href":"https:\/\/cyberwroc.pl\/index.php\/wp-json\/wp\/v2\/pages\/425\/revisions"}],"predecessor-version":[{"id":527,"href":"https:\/\/cyberwroc.pl\/index.php\/wp-json\/wp\/v2\/pages\/425\/revisions\/527"}],"wp:attachment":[{"href":"https:\/\/cyberwroc.pl\/index.php\/wp-json\/wp\/v2\/media?parent=425"}],"curies":[{"name":"wp","href":"https:\/\/api.w.org\/{rel}","templated":true}]}}