{"id":583,"date":"2022-12-08T20:52:15","date_gmt":"2022-12-08T19:52:15","guid":{"rendered":"https:\/\/cyberwroc.pl\/?page_id=583"},"modified":"2022-12-08T20:52:15","modified_gmt":"2022-12-08T19:52:15","slug":"wladca-pierscieni-bitwa-o-srodziemie","status":"publish","type":"page","link":"https:\/\/cyberwroc.pl\/index.php\/wladca-pierscieni-bitwa-o-srodziemie\/","title":{"rendered":"W\u0142adca Pier\u015bcieni, bitwa o \u015ar\u00f3dziemie"},"content":{"rendered":"\n<div class=\"wp-block-media-text alignwide is-stacked-on-mobile\"><figure class=\"wp-block-media-text__media\"><img decoding=\"async\" src=\"https:\/\/scheherazade.znadplanszy.pl\/wp-content\/uploads\/sites\/19\/2014\/03\/wp-1-480x618.jpg\" alt=\"\"\/><\/figure><div class=\"wp-block-media-text__content\">\n<p>Stw\u00f3rz dru\u017cyn\u0119, kt\u00f3ra zdo\u0142a pokona\u0107 wrog\u00f3w. B\u0105d\u017a jednak czujny bo Oko Saurona bacznie Ci\u0119 obserwuje. W ka\u017cdej chwili mo\u017cesz spodziewa\u0107 si\u0119 ataku si\u0142 z\u0142a!<\/p>\n\n\n\n<p><\/p>\n\n\n\n<p>Wygra gracz, kt\u00f3ry pokona najniebezpieczniejszych wrog\u00f3w i dzi\u0119ki temu zdob\u0119dzie najwi\u0119cej punkt\u00f3w.<\/p>\n<\/div><\/div>\n\n\n\n<p class=\"has-text-align-center has-large-font-size\"><strong><a href=\"http:\/\/foxgames.pl\/instrukcje\/lotr_instrukcja_2013_web.pdf\">INSTRUKCJA<\/a><\/strong><\/p>\n","protected":false},"excerpt":{"rendered":"<p>Stw\u00f3rz dru\u017cyn\u0119, kt\u00f3ra zdo\u0142a pokona\u0107 wrog\u00f3w. B\u0105d\u017a jednak czujny bo Oko Saurona bacznie Ci\u0119 obserwuje. W ka\u017cdej chwili mo\u017cesz spodziewa\u0107 si\u0119 ataku si\u0142 z\u0142a! Wygra gracz, kt\u00f3ry pokona najniebezpieczniejszych wrog\u00f3w i dzi\u0119ki temu zdob\u0119dzie najwi\u0119cej punkt\u00f3w. INSTRUKCJA<\/p>\n","protected":false},"author":3,"featured_media":0,"parent":0,"menu_order":0,"comment_status":"closed","ping_status":"closed","template":"","meta":{"footnotes":""},"class_list":["post-583","page","type-page","status-publish","hentry"],"_links":{"self":[{"href":"https:\/\/cyberwroc.pl\/index.php\/wp-json\/wp\/v2\/pages\/583","targetHints":{"allow":["GET"]}}],"collection":[{"href":"https:\/\/cyberwroc.pl\/index.php\/wp-json\/wp\/v2\/pages"}],"about":[{"href":"https:\/\/cyberwroc.pl\/index.php\/wp-json\/wp\/v2\/types\/page"}],"author":[{"embeddable":true,"href":"https:\/\/cyberwroc.pl\/index.php\/wp-json\/wp\/v2\/users\/3"}],"replies":[{"embeddable":true,"href":"https:\/\/cyberwroc.pl\/index.php\/wp-json\/wp\/v2\/comments?post=583"}],"version-history":[{"count":1,"href":"https:\/\/cyberwroc.pl\/index.php\/wp-json\/wp\/v2\/pages\/583\/revisions"}],"predecessor-version":[{"id":584,"href":"https:\/\/cyberwroc.pl\/index.php\/wp-json\/wp\/v2\/pages\/583\/revisions\/584"}],"wp:attachment":[{"href":"https:\/\/cyberwroc.pl\/index.php\/wp-json\/wp\/v2\/media?parent=583"}],"curies":[{"name":"wp","href":"https:\/\/api.w.org\/{rel}","templated":true}]}}