{"id":586,"date":"2022-12-08T20:59:00","date_gmt":"2022-12-08T19:59:00","guid":{"rendered":"https:\/\/cyberwroc.pl\/?page_id=586"},"modified":"2022-12-08T20:59:00","modified_gmt":"2022-12-08T19:59:00","slug":"eurobiznes","status":"publish","type":"page","link":"https:\/\/cyberwroc.pl\/index.php\/eurobiznes\/","title":{"rendered":"Eurobiznes"},"content":{"rendered":"\n<div class=\"wp-block-media-text alignwide is-stacked-on-mobile\"><figure class=\"wp-block-media-text__media\"><img decoding=\"async\" src=\"https:\/\/beta-cdn.smyk.com\/media\/product\/760\/1\/eurobusiness-gra-ekonomiczna-5792352.jpg\" alt=\"\"\/><\/figure><div class=\"wp-block-media-text__content\">\n<p>Chyba najstarsza gra biznesowa dost\u0119pna obecnie na rynku. Eurobiznes oparty jest na zasadach klasycznego Monopoly, praktycznie nie wprowadza \u017cadnych zmian. Inna oczywi\u015bcie jest plansza oraz miejsca do wykupienia. Plansza jest du\u017ca, grafiki bardzo proste, kolory wyra\u017ane. Doskona\u0142a gra dla sentymentalist\u00f3w lub jako pretekst do spotkania ze znajomymi<\/p>\n<\/div><\/div>\n\n\n\n<p class=\"has-text-align-center has-large-font-size\"><strong><a href=\"http:\/\/www.capaciouscore.pl\/download\/other\/eurobiznes-instrukcja.pdf\">INSTRUKCJA<\/a><\/strong><\/p>\n","protected":false},"excerpt":{"rendered":"<p>Chyba najstarsza gra biznesowa dost\u0119pna obecnie na rynku. Eurobiznes oparty jest na zasadach klasycznego Monopoly, praktycznie nie wprowadza \u017cadnych zmian. Inna oczywi\u015bcie jest plansza oraz miejsca do wykupienia. Plansza jest du\u017ca, grafiki bardzo proste, kolory wyra\u017ane. Doskona\u0142a gra dla sentymentalist\u00f3w lub jako pretekst do spotkania ze znajomymi INSTRUKCJA<\/p>\n","protected":false},"author":3,"featured_media":0,"parent":0,"menu_order":0,"comment_status":"closed","ping_status":"closed","template":"","meta":{"footnotes":""},"class_list":["post-586","page","type-page","status-publish","hentry"],"_links":{"self":[{"href":"https:\/\/cyberwroc.pl\/index.php\/wp-json\/wp\/v2\/pages\/586","targetHints":{"allow":["GET"]}}],"collection":[{"href":"https:\/\/cyberwroc.pl\/index.php\/wp-json\/wp\/v2\/pages"}],"about":[{"href":"https:\/\/cyberwroc.pl\/index.php\/wp-json\/wp\/v2\/types\/page"}],"author":[{"embeddable":true,"href":"https:\/\/cyberwroc.pl\/index.php\/wp-json\/wp\/v2\/users\/3"}],"replies":[{"embeddable":true,"href":"https:\/\/cyberwroc.pl\/index.php\/wp-json\/wp\/v2\/comments?post=586"}],"version-history":[{"count":1,"href":"https:\/\/cyberwroc.pl\/index.php\/wp-json\/wp\/v2\/pages\/586\/revisions"}],"predecessor-version":[{"id":587,"href":"https:\/\/cyberwroc.pl\/index.php\/wp-json\/wp\/v2\/pages\/586\/revisions\/587"}],"wp:attachment":[{"href":"https:\/\/cyberwroc.pl\/index.php\/wp-json\/wp\/v2\/media?parent=586"}],"curies":[{"name":"wp","href":"https:\/\/api.w.org\/{rel}","templated":true}]}}