{"id":590,"date":"2022-12-09T17:48:27","date_gmt":"2022-12-09T16:48:27","guid":{"rendered":"https:\/\/cyberwroc.pl\/?page_id=590"},"modified":"2022-12-09T17:48:27","modified_gmt":"2022-12-09T16:48:27","slug":"bierki","status":"publish","type":"page","link":"https:\/\/cyberwroc.pl\/index.php\/bierki\/","title":{"rendered":"Bierki"},"content":{"rendered":"\n<div class=\"wp-block-media-text alignwide is-stacked-on-mobile\"><figure class=\"wp-block-media-text__media\"><img decoding=\"async\" src=\"https:\/\/venco.pl\/media\/catalog\/product\/cache\/1\/image\/800x800\/9df78eab33525d08d6e5fb8d27136e95\/b\/i\/bierki.jpg\" alt=\"\"\/><\/figure><div class=\"wp-block-media-text__content\">\n<p>Bierki rozsypuje si\u0119 na stole, nast\u0119pnie rozpoczyna si\u0119 pojedyncze zbieranie przez poszczeg\u00f3lnych graczy tak, by zdoby\u0107 jak najwy\u017csz\u0105 ilo\u015b\u0107 punkt\u00f3w. Gracz traci kolejk\u0119, gdy podczas wyci\u0105gania drgnie cho\u0107by jedna z pozosta\u0142ych na stole bierek.<\/p>\n<\/div><\/div>\n\n\n\n<p class=\"has-text-align-center has-large-font-size\"><strong><a href=\"http:\/\/abino.home.pl\/autoinstalator\/wordpress1\/wp-content\/uploads\/2016\/07\/Bierki-instrukcja.pdf\">INSTRUKCJA<\/a><\/strong><\/p>\n","protected":false},"excerpt":{"rendered":"<p>Bierki rozsypuje si\u0119 na stole, nast\u0119pnie rozpoczyna si\u0119 pojedyncze zbieranie przez poszczeg\u00f3lnych graczy tak, by zdoby\u0107 jak najwy\u017csz\u0105 ilo\u015b\u0107 punkt\u00f3w. Gracz traci kolejk\u0119, gdy podczas wyci\u0105gania drgnie cho\u0107by jedna z pozosta\u0142ych na stole bierek. INSTRUKCJA<\/p>\n","protected":false},"author":3,"featured_media":0,"parent":0,"menu_order":0,"comment_status":"closed","ping_status":"closed","template":"","meta":{"footnotes":""},"class_list":["post-590","page","type-page","status-publish","hentry"],"_links":{"self":[{"href":"https:\/\/cyberwroc.pl\/index.php\/wp-json\/wp\/v2\/pages\/590","targetHints":{"allow":["GET"]}}],"collection":[{"href":"https:\/\/cyberwroc.pl\/index.php\/wp-json\/wp\/v2\/pages"}],"about":[{"href":"https:\/\/cyberwroc.pl\/index.php\/wp-json\/wp\/v2\/types\/page"}],"author":[{"embeddable":true,"href":"https:\/\/cyberwroc.pl\/index.php\/wp-json\/wp\/v2\/users\/3"}],"replies":[{"embeddable":true,"href":"https:\/\/cyberwroc.pl\/index.php\/wp-json\/wp\/v2\/comments?post=590"}],"version-history":[{"count":1,"href":"https:\/\/cyberwroc.pl\/index.php\/wp-json\/wp\/v2\/pages\/590\/revisions"}],"predecessor-version":[{"id":591,"href":"https:\/\/cyberwroc.pl\/index.php\/wp-json\/wp\/v2\/pages\/590\/revisions\/591"}],"wp:attachment":[{"href":"https:\/\/cyberwroc.pl\/index.php\/wp-json\/wp\/v2\/media?parent=590"}],"curies":[{"name":"wp","href":"https:\/\/api.w.org\/{rel}","templated":true}]}}