{"id":607,"date":"2022-12-09T18:20:58","date_gmt":"2022-12-09T17:20:58","guid":{"rendered":"https:\/\/cyberwroc.pl\/?page_id=607"},"modified":"2022-12-09T18:30:26","modified_gmt":"2022-12-09T17:30:26","slug":"bitwa-morska-mb-games","status":"publish","type":"page","link":"https:\/\/cyberwroc.pl\/index.php\/bitwa-morska-mb-games\/","title":{"rendered":"<strong>Bitwa morska MB Games<\/strong>"},"content":{"rendered":"\n<div class=\"wp-block-media-text alignwide is-stacked-on-mobile\"><figure class=\"wp-block-media-text__media\"><img decoding=\"async\" src=\"https:\/\/md.kupujemy.pl\/md\/d\/pd4\/has\/bro-14674\/bi.jpg\" alt=\"\"\/><\/figure><div class=\"wp-block-media-text__content\">\n<p>Podaj wsp\u00f3\u0142rz\u0119dne atakowanego akwenu i czekaj na odpowied\u017a &#8211; trafi\u0142e\u015b czy spud\u0142owa\u0142e\u015b &#8230; ale uwa\u017caj na kontratak przeciwnika!<\/p>\n\n\n\n<p>Czy Tw\u00f3j okr\u0119t podwodny zostanie zatopiony? Czy mo\u017ce trafiony zostanie Tw\u00f3j kr\u0105\u017cownik?<\/p>\n\n\n\n<p>Kto pierwszy zatopi pi\u0119\u0107 okr\u0119t\u00f3w, czyli ca\u0142\u0105 flot\u0119 przeciwnika, zostaje zwyci\u0119zc\u0105!<\/p>\n<\/div><\/div>\n\n\n\n<p class=\"has-text-align-center has-large-font-size\"><strong><a href=\"https:\/\/cloud-2.edupage.org\/cloud\/Gra_w_statki.pdf?z%3AY%2BMiqT6pPUNRURxIeMZ8GW7hPuNMFBk2S5sqTTTGVZK9wP9%2Bqo12rgCFHQwYoZvP\">INSTRUKCJA<\/a><\/strong><\/p>\n","protected":false},"excerpt":{"rendered":"<p>Podaj wsp\u00f3\u0142rz\u0119dne atakowanego akwenu i czekaj na odpowied\u017a &#8211; trafi\u0142e\u015b czy spud\u0142owa\u0142e\u015b &#8230; ale uwa\u017caj na kontratak przeciwnika! Czy Tw\u00f3j okr\u0119t podwodny zostanie zatopiony? Czy mo\u017ce trafiony zostanie Tw\u00f3j kr\u0105\u017cownik? Kto pierwszy zatopi pi\u0119\u0107 okr\u0119t\u00f3w, czyli ca\u0142\u0105 flot\u0119 przeciwnika, zostaje zwyci\u0119zc\u0105! INSTRUKCJA<\/p>\n","protected":false},"author":3,"featured_media":0,"parent":0,"menu_order":0,"comment_status":"closed","ping_status":"closed","template":"","meta":{"footnotes":""},"class_list":["post-607","page","type-page","status-publish","hentry"],"_links":{"self":[{"href":"https:\/\/cyberwroc.pl\/index.php\/wp-json\/wp\/v2\/pages\/607","targetHints":{"allow":["GET"]}}],"collection":[{"href":"https:\/\/cyberwroc.pl\/index.php\/wp-json\/wp\/v2\/pages"}],"about":[{"href":"https:\/\/cyberwroc.pl\/index.php\/wp-json\/wp\/v2\/types\/page"}],"author":[{"embeddable":true,"href":"https:\/\/cyberwroc.pl\/index.php\/wp-json\/wp\/v2\/users\/3"}],"replies":[{"embeddable":true,"href":"https:\/\/cyberwroc.pl\/index.php\/wp-json\/wp\/v2\/comments?post=607"}],"version-history":[{"count":2,"href":"https:\/\/cyberwroc.pl\/index.php\/wp-json\/wp\/v2\/pages\/607\/revisions"}],"predecessor-version":[{"id":611,"href":"https:\/\/cyberwroc.pl\/index.php\/wp-json\/wp\/v2\/pages\/607\/revisions\/611"}],"wp:attachment":[{"href":"https:\/\/cyberwroc.pl\/index.php\/wp-json\/wp\/v2\/media?parent=607"}],"curies":[{"name":"wp","href":"https:\/\/api.w.org\/{rel}","templated":true}]}}