{"id":622,"date":"2023-03-21T12:33:31","date_gmt":"2023-03-21T11:33:31","guid":{"rendered":"https:\/\/cyberwroc.pl\/?page_id=622"},"modified":"2023-03-21T12:54:10","modified_gmt":"2023-03-21T11:54:10","slug":"modus-operandi","status":"publish","type":"page","link":"https:\/\/cyberwroc.pl\/index.php\/modus-operandi\/","title":{"rendered":"Modus Operandi"},"content":{"rendered":"\n<div class=\"wp-block-media-text alignwide is-stacked-on-mobile\"><figure class=\"wp-block-media-text__media\"><img decoding=\"async\" src=\"https:\/\/files.rebel.pl\/products\/100\/1203\/_2015191\/Modus-operandi-u-szczytu-wladzy-pudelko.jpg\" alt=\"\"\/><\/figure><div class=\"wp-block-media-text__content\">\n<p>Zasady <strong>Modus Operandi<\/strong> s\u0105 bardzo proste! Odkryj jedn\u0105 z kart zbrodni, a nast\u0119pnie zadaj pytanie dowolnej osobie albo zadaj je wszystkim graczom, by metod\u0105 dedukcji odkry\u0107, jakie karty ukrywaj\u0105! Odgadnij ich histori\u0119 zbrodni jako pierwszy!<\/p>\n\n\n\n<p><\/p>\n\n\n\n<p>GRA MA DWA WARIANTY:<\/p>\n\n\n\n<ul class=\"wp-block-list\">\n<li>W pierwszym z nich jeden z Was jest sprawc\u0105, a pozostali gracze walcz\u0105 o tytu\u0142 najlepszego \u015bledczego.<\/li>\n\n\n\n<li>Z kolei w drugim wariancie wszyscy jeste\u015bcie sprawcami, a wygra gracz, kt\u00f3ry jako jedyny posiada przynajmniej jedn\u0105 nieodkryt\u0105 przez nikogo kart\u0119 zbrodni!<\/li>\n<\/ul>\n\n\n\n<p><\/p>\n\n\n\n<p>POSIADAMY WERSJ\u0118: Mroczne podziemie, Wszystko w rodzinie, U szczytu w\u0142adzy<\/p>\n<\/div><\/div>\n","protected":false},"excerpt":{"rendered":"","protected":false},"author":3,"featured_media":0,"parent":0,"menu_order":0,"comment_status":"closed","ping_status":"closed","template":"","meta":{"footnotes":""},"class_list":["post-622","page","type-page","status-publish","hentry"],"_links":{"self":[{"href":"https:\/\/cyberwroc.pl\/index.php\/wp-json\/wp\/v2\/pages\/622","targetHints":{"allow":["GET"]}}],"collection":[{"href":"https:\/\/cyberwroc.pl\/index.php\/wp-json\/wp\/v2\/pages"}],"about":[{"href":"https:\/\/cyberwroc.pl\/index.php\/wp-json\/wp\/v2\/types\/page"}],"author":[{"embeddable":true,"href":"https:\/\/cyberwroc.pl\/index.php\/wp-json\/wp\/v2\/users\/3"}],"replies":[{"embeddable":true,"href":"https:\/\/cyberwroc.pl\/index.php\/wp-json\/wp\/v2\/comments?post=622"}],"version-history":[{"count":2,"href":"https:\/\/cyberwroc.pl\/index.php\/wp-json\/wp\/v2\/pages\/622\/revisions"}],"predecessor-version":[{"id":625,"href":"https:\/\/cyberwroc.pl\/index.php\/wp-json\/wp\/v2\/pages\/622\/revisions\/625"}],"wp:attachment":[{"href":"https:\/\/cyberwroc.pl\/index.php\/wp-json\/wp\/v2\/media?parent=622"}],"curies":[{"name":"wp","href":"https:\/\/api.w.org\/{rel}","templated":true}]}}