{"id":64,"date":"2022-04-20T15:17:03","date_gmt":"2022-04-20T13:17:03","guid":{"rendered":"https:\/\/cyberwroc.pl\/?page_id=64"},"modified":"2022-11-09T15:23:43","modified_gmt":"2022-11-09T14:23:43","slug":"tajniacy","status":"publish","type":"page","link":"https:\/\/cyberwroc.pl\/index.php\/tajniacy\/","title":{"rendered":"Tajniacy"},"content":{"rendered":"\n<div class=\"wp-block-media-text alignwide is-stacked-on-mobile\"><figure class=\"wp-block-media-text__media\"><img loading=\"lazy\" decoding=\"async\" width=\"1000\" height=\"1000\" src=\"https:\/\/cyberwroc.pl\/wp-content\/uploads\/2022\/04\/tajniacy-bordeo1.jpg\" alt=\"\" class=\"wp-image-65 size-full\" srcset=\"https:\/\/cyberwroc.pl\/wp-content\/uploads\/2022\/04\/tajniacy-bordeo1.jpg 1000w, https:\/\/cyberwroc.pl\/wp-content\/uploads\/2022\/04\/tajniacy-bordeo1-300x300.jpg 300w, https:\/\/cyberwroc.pl\/wp-content\/uploads\/2022\/04\/tajniacy-bordeo1-150x150.jpg 150w, https:\/\/cyberwroc.pl\/wp-content\/uploads\/2022\/04\/tajniacy-bordeo1-768x768.jpg 768w, https:\/\/cyberwroc.pl\/wp-content\/uploads\/2022\/04\/tajniacy-bordeo1-600x600.jpg 600w, https:\/\/cyberwroc.pl\/wp-content\/uploads\/2022\/04\/tajniacy-bordeo1-100x100.jpg 100w\" sizes=\"auto, (max-width: 1000px) 100vw, 1000px\" \/><\/figure><div class=\"wp-block-media-text__content\">\n<p class=\"has-medium-font-size\">&#8222;Na stole rozk\u0142adamy karty z 25 wyrazami. Gracze dziel\u0105 si\u0119 na dwie dru\u017cyny i ka\u017cda z nich wybiera kapitana. Zadaniem kapitan\u00f3w jest poinformowanie cz\u0142onk\u00f3w dru\u017cyny o po\u0142o\u017ceniu odpowiednich kart. Mog\u0105 to zrobi\u0107 korzystaj\u0105c wy\u0142\u0105cznie z jednego wyrazu. Dru\u017cyna, kt\u00f3ra jako pierwsza odgadnie wszystkie wyrazy wygrywa gr\u0119.&#8221; &#8211; Wikipedia<\/p>\n<\/div><\/div>\n\n\n\n<p class=\"has-text-align-center has-large-font-size\"><strong><a href=\"https:\/\/www.wydawnictworebel.pl\/repository\/files\/instrukcje\/Tajniacy\/Tajniacy%20Instrukcja.pdf\" data-type=\"URL\" data-id=\"https:\/\/www.wydawnictworebel.pl\/repository\/files\/instrukcje\/Tajniacy\/Tajniacy%20Instrukcja.pdf\">INSTRUKCJA<\/a><\/strong><\/p>\n","protected":false},"excerpt":{"rendered":"<p>&#8222;Na stole rozk\u0142adamy karty z 25 wyrazami. Gracze dziel\u0105 si\u0119 na dwie dru\u017cyny i ka\u017cda z nich wybiera kapitana. Zadaniem kapitan\u00f3w jest poinformowanie cz\u0142onk\u00f3w dru\u017cyny o po\u0142o\u017ceniu odpowiednich kart. Mog\u0105 to zrobi\u0107 korzystaj\u0105c wy\u0142\u0105cznie z jednego wyrazu. Dru\u017cyna, kt\u00f3ra jako pierwsza odgadnie wszystkie wyrazy wygrywa gr\u0119.&#8221; &#8211; Wikipedia INSTRUKCJA<\/p>\n","protected":false},"author":2,"featured_media":0,"parent":0,"menu_order":0,"comment_status":"closed","ping_status":"closed","template":"","meta":{"footnotes":""},"class_list":["post-64","page","type-page","status-publish","hentry"],"_links":{"self":[{"href":"https:\/\/cyberwroc.pl\/index.php\/wp-json\/wp\/v2\/pages\/64","targetHints":{"allow":["GET"]}}],"collection":[{"href":"https:\/\/cyberwroc.pl\/index.php\/wp-json\/wp\/v2\/pages"}],"about":[{"href":"https:\/\/cyberwroc.pl\/index.php\/wp-json\/wp\/v2\/types\/page"}],"author":[{"embeddable":true,"href":"https:\/\/cyberwroc.pl\/index.php\/wp-json\/wp\/v2\/users\/2"}],"replies":[{"embeddable":true,"href":"https:\/\/cyberwroc.pl\/index.php\/wp-json\/wp\/v2\/comments?post=64"}],"version-history":[{"count":9,"href":"https:\/\/cyberwroc.pl\/index.php\/wp-json\/wp\/v2\/pages\/64\/revisions"}],"predecessor-version":[{"id":517,"href":"https:\/\/cyberwroc.pl\/index.php\/wp-json\/wp\/v2\/pages\/64\/revisions\/517"}],"wp:attachment":[{"href":"https:\/\/cyberwroc.pl\/index.php\/wp-json\/wp\/v2\/media?parent=64"}],"curies":[{"name":"wp","href":"https:\/\/api.w.org\/{rel}","templated":true}]}}