{"id":693,"date":"2024-09-25T16:44:32","date_gmt":"2024-09-25T14:44:32","guid":{"rendered":"https:\/\/cyberwroc.pl\/?page_id=693"},"modified":"2024-09-25T16:44:32","modified_gmt":"2024-09-25T14:44:32","slug":"alias-tajemniczy","status":"publish","type":"page","link":"https:\/\/cyberwroc.pl\/index.php\/alias-tajemniczy\/","title":{"rendered":"Alias &#8211; Tajemniczy"},"content":{"rendered":"\n<div class=\"wp-block-media-text is-stacked-on-mobile\"><figure class=\"wp-block-media-text__media\"><img loading=\"lazy\" decoding=\"async\" width=\"527\" height=\"544\" src=\"https:\/\/cyberwroc.pl\/wp-content\/uploads\/2024\/09\/tajemniczy-gra-alias-b-iext150601253.webp\" alt=\"\" class=\"wp-image-694 size-full\" srcset=\"https:\/\/cyberwroc.pl\/wp-content\/uploads\/2024\/09\/tajemniczy-gra-alias-b-iext150601253.webp 527w, https:\/\/cyberwroc.pl\/wp-content\/uploads\/2024\/09\/tajemniczy-gra-alias-b-iext150601253-291x300.webp 291w\" sizes=\"auto, (max-width: 527px) 100vw, 527px\" \/><\/figure><div class=\"wp-block-media-text__content\">\n<p>Uchyl drzwi tajemnicy\u2026 Ta niezwyk\u0142a gra s\u0142owna w wybitny spos\u00f3b piecz\u0119tuje stwierdzenie, \u017ce prawd\u0119 nie zawsze wida\u0107 na pierwszy rzut oka! W intryguj\u0105cym \u015bwiecie tajemnic to w\u0142a\u015bnie wy musicie znale\u017a\u0107 odpowiedzi. Obja\u015bniajcie s\u0142owa najszybciej, jak potraficie i razem rozwi\u0105\u017ccie tajemnic\u0119 odnajduj\u0105c ukryte s\u0142owa-klucze&#8230; Jedynym przeciwnikiem jest czas!&nbsp;<\/p>\n<\/div><\/div>\n\n\n\n<p class=\"has-text-align-center\"><strong><a href=\"https:\/\/www.tactic.net\/site\/rules\/PL\/59457.pdf\" data-type=\"link\" data-id=\"https:\/\/www.tactic.net\/site\/rules\/PL\/59457.pdf\">Instrukcja<\/a><\/strong><\/p>\n","protected":false},"excerpt":{"rendered":"<p>Uchyl drzwi tajemnicy\u2026 Ta niezwyk\u0142a gra s\u0142owna w wybitny spos\u00f3b piecz\u0119tuje stwierdzenie, \u017ce prawd\u0119 nie zawsze wida\u0107 na pierwszy rzut oka! W intryguj\u0105cym \u015bwiecie tajemnic to w\u0142a\u015bnie wy musicie znale\u017a\u0107 odpowiedzi. Obja\u015bniajcie s\u0142owa najszybciej, jak potraficie i razem rozwi\u0105\u017ccie tajemnic\u0119 odnajduj\u0105c ukryte s\u0142owa-klucze&#8230; Jedynym przeciwnikiem jest czas!&nbsp; Instrukcja<\/p>\n","protected":false},"author":6,"featured_media":0,"parent":0,"menu_order":0,"comment_status":"closed","ping_status":"closed","template":"","meta":{"footnotes":""},"class_list":["post-693","page","type-page","status-publish","hentry"],"_links":{"self":[{"href":"https:\/\/cyberwroc.pl\/index.php\/wp-json\/wp\/v2\/pages\/693","targetHints":{"allow":["GET"]}}],"collection":[{"href":"https:\/\/cyberwroc.pl\/index.php\/wp-json\/wp\/v2\/pages"}],"about":[{"href":"https:\/\/cyberwroc.pl\/index.php\/wp-json\/wp\/v2\/types\/page"}],"author":[{"embeddable":true,"href":"https:\/\/cyberwroc.pl\/index.php\/wp-json\/wp\/v2\/users\/6"}],"replies":[{"embeddable":true,"href":"https:\/\/cyberwroc.pl\/index.php\/wp-json\/wp\/v2\/comments?post=693"}],"version-history":[{"count":2,"href":"https:\/\/cyberwroc.pl\/index.php\/wp-json\/wp\/v2\/pages\/693\/revisions"}],"predecessor-version":[{"id":767,"href":"https:\/\/cyberwroc.pl\/index.php\/wp-json\/wp\/v2\/pages\/693\/revisions\/767"}],"wp:attachment":[{"href":"https:\/\/cyberwroc.pl\/index.php\/wp-json\/wp\/v2\/media?parent=693"}],"curies":[{"name":"wp","href":"https:\/\/api.w.org\/{rel}","templated":true}]}}