{"id":711,"date":"2024-09-23T16:52:25","date_gmt":"2024-09-23T14:52:25","guid":{"rendered":"https:\/\/cyberwroc.pl\/?page_id=711"},"modified":"2024-09-23T16:52:25","modified_gmt":"2024-09-23T14:52:25","slug":"asy-przestworzy","status":"publish","type":"page","link":"https:\/\/cyberwroc.pl\/index.php\/asy-przestworzy\/","title":{"rendered":"Asy Przestworzy"},"content":{"rendered":"\n<div class=\"wp-block-media-text is-stacked-on-mobile\"><figure class=\"wp-block-media-text__media\"><img loading=\"lazy\" decoding=\"async\" width=\"796\" height=\"1024\" src=\"https:\/\/cyberwroc.pl\/wp-content\/uploads\/2024\/09\/FoxGames-Asy-Przestworzy-796x1024.jpg\" alt=\"\" class=\"wp-image-712 size-full\" srcset=\"https:\/\/cyberwroc.pl\/wp-content\/uploads\/2024\/09\/FoxGames-Asy-Przestworzy-796x1024.jpg 796w, https:\/\/cyberwroc.pl\/wp-content\/uploads\/2024\/09\/FoxGames-Asy-Przestworzy-233x300.jpg 233w, https:\/\/cyberwroc.pl\/wp-content\/uploads\/2024\/09\/FoxGames-Asy-Przestworzy-768x988.jpg 768w, https:\/\/cyberwroc.pl\/wp-content\/uploads\/2024\/09\/FoxGames-Asy-Przestworzy.jpg 800w\" sizes=\"auto, (max-width: 796px) 100vw, 796px\" \/><\/figure><div class=\"wp-block-media-text__content\">\n<p>Wciel si\u0119 w rol\u0119 lotnika z czas\u00f3w I wojny \u015bwiatowej.<br>Wyzwij przeciwnika do walki w powietrzu, wykorzystaj mo\u017cliwo\u015bci swojego samolotu i udowodnij, \u017ce zas\u0142ugujesz na tytu\u0142 asa przestworzy.<\/p>\n<\/div><\/div>\n\n\n\n<p class=\"has-text-align-center\"><strong><a href=\"https:\/\/foxgames.pl\/wp-content\/uploads\/2014\/10\/Asy_Przestworzy.pdf\" data-type=\"link\" data-id=\"https:\/\/foxgames.pl\/wp-content\/uploads\/2014\/10\/Asy_Przestworzy.pdf\">Instrukcja<\/a><\/strong><\/p>\n","protected":false},"excerpt":{"rendered":"<p>Wciel si\u0119 w rol\u0119 lotnika z czas\u00f3w I wojny \u015bwiatowej.Wyzwij przeciwnika do walki w powietrzu, wykorzystaj mo\u017cliwo\u015bci swojego samolotu i udowodnij, \u017ce zas\u0142ugujesz na tytu\u0142 asa przestworzy. Instrukcja<\/p>\n","protected":false},"author":6,"featured_media":0,"parent":0,"menu_order":0,"comment_status":"closed","ping_status":"closed","template":"","meta":{"footnotes":""},"class_list":["post-711","page","type-page","status-publish","hentry"],"_links":{"self":[{"href":"https:\/\/cyberwroc.pl\/index.php\/wp-json\/wp\/v2\/pages\/711","targetHints":{"allow":["GET"]}}],"collection":[{"href":"https:\/\/cyberwroc.pl\/index.php\/wp-json\/wp\/v2\/pages"}],"about":[{"href":"https:\/\/cyberwroc.pl\/index.php\/wp-json\/wp\/v2\/types\/page"}],"author":[{"embeddable":true,"href":"https:\/\/cyberwroc.pl\/index.php\/wp-json\/wp\/v2\/users\/6"}],"replies":[{"embeddable":true,"href":"https:\/\/cyberwroc.pl\/index.php\/wp-json\/wp\/v2\/comments?post=711"}],"version-history":[{"count":1,"href":"https:\/\/cyberwroc.pl\/index.php\/wp-json\/wp\/v2\/pages\/711\/revisions"}],"predecessor-version":[{"id":713,"href":"https:\/\/cyberwroc.pl\/index.php\/wp-json\/wp\/v2\/pages\/711\/revisions\/713"}],"wp:attachment":[{"href":"https:\/\/cyberwroc.pl\/index.php\/wp-json\/wp\/v2\/media?parent=711"}],"curies":[{"name":"wp","href":"https:\/\/api.w.org\/{rel}","templated":true}]}}