{"id":719,"date":"2024-09-23T17:12:25","date_gmt":"2024-09-23T15:12:25","guid":{"rendered":"https:\/\/cyberwroc.pl\/?page_id=719"},"modified":"2024-09-23T17:12:25","modified_gmt":"2024-09-23T15:12:25","slug":"gwint-wiedzminska-gra-karciana","status":"publish","type":"page","link":"https:\/\/cyberwroc.pl\/index.php\/gwint-wiedzminska-gra-karciana\/","title":{"rendered":"Gwint: Wied\u017ami\u0144ska Gra Karciana"},"content":{"rendered":"\n<div class=\"wp-block-media-text is-stacked-on-mobile\"><figure class=\"wp-block-media-text__media\"><img loading=\"lazy\" decoding=\"async\" width=\"933\" height=\"700\" src=\"https:\/\/cyberwroc.pl\/wp-content\/uploads\/2024\/09\/image.webp\" alt=\"\" class=\"wp-image-720 size-full\" srcset=\"https:\/\/cyberwroc.pl\/wp-content\/uploads\/2024\/09\/image.webp 933w, https:\/\/cyberwroc.pl\/wp-content\/uploads\/2024\/09\/image-300x225.webp 300w, https:\/\/cyberwroc.pl\/wp-content\/uploads\/2024\/09\/image-768x576.webp 768w\" sizes=\"auto, (max-width: 933px) 100vw, 933px\" \/><\/figure><div class=\"wp-block-media-text__content\">\n<p>Strategiczna karcianka w uniwersum Wied\u017amina, w kt\u00f3rej o losie bitwy decyduj\u0105 twoje umiej\u0119tno\u015bci.<\/p>\n<\/div><\/div>\n\n\n\n<p class=\"has-text-align-center\"><strong><a href=\"http:\/\/wpc.4d7d.edgecastcdn.net\/004D7D\/media\/THE%20WITCHER%203\/Pdf\/GwentManuals\/pl-Manual-Gwent-ONLINE.pdf\" data-type=\"link\" data-id=\"http:\/\/wpc.4d7d.edgecastcdn.net\/004D7D\/media\/THE%20WITCHER%203\/Pdf\/GwentManuals\/pl-Manual-Gwent-ONLINE.pdf\">Instrukcja<\/a><\/strong><\/p>\n","protected":false},"excerpt":{"rendered":"<p>Strategiczna karcianka w uniwersum Wied\u017amina, w kt\u00f3rej o losie bitwy decyduj\u0105 twoje umiej\u0119tno\u015bci. Instrukcja<\/p>\n","protected":false},"author":6,"featured_media":0,"parent":0,"menu_order":0,"comment_status":"closed","ping_status":"closed","template":"","meta":{"footnotes":""},"class_list":["post-719","page","type-page","status-publish","hentry"],"_links":{"self":[{"href":"https:\/\/cyberwroc.pl\/index.php\/wp-json\/wp\/v2\/pages\/719","targetHints":{"allow":["GET"]}}],"collection":[{"href":"https:\/\/cyberwroc.pl\/index.php\/wp-json\/wp\/v2\/pages"}],"about":[{"href":"https:\/\/cyberwroc.pl\/index.php\/wp-json\/wp\/v2\/types\/page"}],"author":[{"embeddable":true,"href":"https:\/\/cyberwroc.pl\/index.php\/wp-json\/wp\/v2\/users\/6"}],"replies":[{"embeddable":true,"href":"https:\/\/cyberwroc.pl\/index.php\/wp-json\/wp\/v2\/comments?post=719"}],"version-history":[{"count":1,"href":"https:\/\/cyberwroc.pl\/index.php\/wp-json\/wp\/v2\/pages\/719\/revisions"}],"predecessor-version":[{"id":721,"href":"https:\/\/cyberwroc.pl\/index.php\/wp-json\/wp\/v2\/pages\/719\/revisions\/721"}],"wp:attachment":[{"href":"https:\/\/cyberwroc.pl\/index.php\/wp-json\/wp\/v2\/media?parent=719"}],"curies":[{"name":"wp","href":"https:\/\/api.w.org\/{rel}","templated":true}]}}