{"id":724,"date":"2024-09-23T17:21:28","date_gmt":"2024-09-23T15:21:28","guid":{"rendered":"https:\/\/cyberwroc.pl\/?page_id=724"},"modified":"2024-09-23T17:21:28","modified_gmt":"2024-09-23T15:21:28","slug":"munchkin-cthulhu","status":"publish","type":"page","link":"https:\/\/cyberwroc.pl\/index.php\/munchkin-cthulhu\/","title":{"rendered":"Munchkin: Cthulhu"},"content":{"rendered":"\n<div class=\"wp-block-media-text is-stacked-on-mobile\"><figure class=\"wp-block-media-text__media\"><img loading=\"lazy\" decoding=\"async\" width=\"544\" height=\"544\" src=\"https:\/\/cyberwroc.pl\/wp-content\/uploads\/2024\/09\/munchkin-cthulhu-gra-karciana-dodatek-edycja-polska-b-iext140763986.webp\" alt=\"\" class=\"wp-image-725 size-full\" srcset=\"https:\/\/cyberwroc.pl\/wp-content\/uploads\/2024\/09\/munchkin-cthulhu-gra-karciana-dodatek-edycja-polska-b-iext140763986.webp 544w, https:\/\/cyberwroc.pl\/wp-content\/uploads\/2024\/09\/munchkin-cthulhu-gra-karciana-dodatek-edycja-polska-b-iext140763986-300x300.webp 300w, https:\/\/cyberwroc.pl\/wp-content\/uploads\/2024\/09\/munchkin-cthulhu-gra-karciana-dodatek-edycja-polska-b-iext140763986-150x150.webp 150w\" sizes=\"auto, (max-width: 544px) 100vw, 544px\" \/><\/figure><div class=\"wp-block-media-text__content\">\n<p>Sta\u0144 przed najwi\u0119kszym munchkinowym wyzwaniem w historii&#8230; zmierz si\u0119 z straszliwymi, blu\u017anierczymi i plugawymi stworami z Mit\u00f3w Cthulhu. Czy dasz rad\u0119 przetrwa\u0107? Czy ocalisz swoj\u0105 dusz\u0119 i unikniesz szale\u0144stwa? Czy&#8230;zdob\u0119dziesz zwyci\u0119ski Poziom?<\/p>\n<\/div><\/div>\n\n\n\n<p class=\"has-text-align-center\"><strong><a href=\"https:\/\/gramywplanszowki.pl\/storage\/games\/1159\/files\/munchkin-cthulhu-instrukcja.pdf\" data-type=\"link\" data-id=\"https:\/\/gramywplanszowki.pl\/storage\/games\/1159\/files\/munchkin-cthulhu-instrukcja.pdf\">Instrukcja<\/a><\/strong><\/p>\n","protected":false},"excerpt":{"rendered":"<p>Sta\u0144 przed najwi\u0119kszym munchkinowym wyzwaniem w historii&#8230; zmierz si\u0119 z straszliwymi, blu\u017anierczymi i plugawymi stworami z Mit\u00f3w Cthulhu. Czy dasz rad\u0119 przetrwa\u0107? Czy ocalisz swoj\u0105 dusz\u0119 i unikniesz szale\u0144stwa? Czy&#8230;zdob\u0119dziesz zwyci\u0119ski Poziom? Instrukcja<\/p>\n","protected":false},"author":6,"featured_media":0,"parent":0,"menu_order":0,"comment_status":"closed","ping_status":"closed","template":"","meta":{"footnotes":""},"class_list":["post-724","page","type-page","status-publish","hentry"],"_links":{"self":[{"href":"https:\/\/cyberwroc.pl\/index.php\/wp-json\/wp\/v2\/pages\/724","targetHints":{"allow":["GET"]}}],"collection":[{"href":"https:\/\/cyberwroc.pl\/index.php\/wp-json\/wp\/v2\/pages"}],"about":[{"href":"https:\/\/cyberwroc.pl\/index.php\/wp-json\/wp\/v2\/types\/page"}],"author":[{"embeddable":true,"href":"https:\/\/cyberwroc.pl\/index.php\/wp-json\/wp\/v2\/users\/6"}],"replies":[{"embeddable":true,"href":"https:\/\/cyberwroc.pl\/index.php\/wp-json\/wp\/v2\/comments?post=724"}],"version-history":[{"count":1,"href":"https:\/\/cyberwroc.pl\/index.php\/wp-json\/wp\/v2\/pages\/724\/revisions"}],"predecessor-version":[{"id":726,"href":"https:\/\/cyberwroc.pl\/index.php\/wp-json\/wp\/v2\/pages\/724\/revisions\/726"}],"wp:attachment":[{"href":"https:\/\/cyberwroc.pl\/index.php\/wp-json\/wp\/v2\/media?parent=724"}],"curies":[{"name":"wp","href":"https:\/\/api.w.org\/{rel}","templated":true}]}}