{"id":727,"date":"2024-09-23T17:23:29","date_gmt":"2024-09-23T15:23:29","guid":{"rendered":"https:\/\/cyberwroc.pl\/?page_id=727"},"modified":"2024-09-23T17:23:29","modified_gmt":"2024-09-23T15:23:29","slug":"munchkin-z-karaibow","status":"publish","type":"page","link":"https:\/\/cyberwroc.pl\/index.php\/munchkin-z-karaibow\/","title":{"rendered":"Munchkin z Karaib\u00f3w"},"content":{"rendered":"\n<div class=\"wp-block-media-text is-stacked-on-mobile\"><figure class=\"wp-block-media-text__media\"><img loading=\"lazy\" decoding=\"async\" width=\"544\" height=\"544\" src=\"https:\/\/cyberwroc.pl\/wp-content\/uploads\/2024\/09\/munchkin-z-karaibow-gra-karciana-edycja-polska-b-iext150805398.webp\" alt=\"\" class=\"wp-image-728 size-full\" srcset=\"https:\/\/cyberwroc.pl\/wp-content\/uploads\/2024\/09\/munchkin-z-karaibow-gra-karciana-edycja-polska-b-iext150805398.webp 544w, https:\/\/cyberwroc.pl\/wp-content\/uploads\/2024\/09\/munchkin-z-karaibow-gra-karciana-edycja-polska-b-iext150805398-300x300.webp 300w, https:\/\/cyberwroc.pl\/wp-content\/uploads\/2024\/09\/munchkin-z-karaibow-gra-karciana-edycja-polska-b-iext150805398-150x150.webp 150w\" sizes=\"auto, (max-width: 544px) 100vw, 544px\" \/><\/figure><div class=\"wp-block-media-text__content\">\n<p>Ahoj Szczurze L\u0105dowy! Niech zgadn\u0119 co Ci\u0119 tu sprowadza? Skarby i Poziomy?! Dobrze trafi\u0142e\u015b! W Munchkinie z Karaib\u00f3w b\u0119dziesz mia\u0142 okazj\u0119 przep\u0142yn\u0105\u0107 siedem m\u00f3rz i ocean\u00f3w, stawi\u0107 czo\u0142a najstraszliwszym Potworom z g\u0142\u0119bin, zmierzy\u0107 si\u0119 z przera\u017caj\u0105cym Davy Jonesem i wypatroszy\u0107 ca\u0142e stada Rekin\u00f3w, aby zgarn\u0105\u0107 ich Skarby, zyska\u0107 Poziomy i zosta\u0107 najstraszliwszym piratem na Karaibach!<\/p>\n<\/div><\/div>\n\n\n\n<p class=\"has-text-align-center\"><strong><a href=\"https:\/\/gramywplanszowki.pl\/storage\/games\/1164\/files\/munchkin-z-karaibow-instrukcja.pdf\" data-type=\"link\" data-id=\"https:\/\/gramywplanszowki.pl\/storage\/games\/1164\/files\/munchkin-z-karaibow-instrukcja.pdf\">Instrukcja<\/a><\/strong><\/p>\n","protected":false},"excerpt":{"rendered":"<p>Ahoj Szczurze L\u0105dowy! Niech zgadn\u0119 co Ci\u0119 tu sprowadza? Skarby i Poziomy?! Dobrze trafi\u0142e\u015b! W Munchkinie z Karaib\u00f3w b\u0119dziesz mia\u0142 okazj\u0119 przep\u0142yn\u0105\u0107 siedem m\u00f3rz i ocean\u00f3w, stawi\u0107 czo\u0142a najstraszliwszym Potworom z g\u0142\u0119bin, zmierzy\u0107 si\u0119 z przera\u017caj\u0105cym Davy Jonesem i wypatroszy\u0107 ca\u0142e stada Rekin\u00f3w, aby zgarn\u0105\u0107 ich Skarby, zyska\u0107 Poziomy i zosta\u0107 najstraszliwszym piratem na Karaibach! [&hellip;]<\/p>\n","protected":false},"author":6,"featured_media":0,"parent":0,"menu_order":0,"comment_status":"closed","ping_status":"closed","template":"","meta":{"footnotes":""},"class_list":["post-727","page","type-page","status-publish","hentry"],"_links":{"self":[{"href":"https:\/\/cyberwroc.pl\/index.php\/wp-json\/wp\/v2\/pages\/727","targetHints":{"allow":["GET"]}}],"collection":[{"href":"https:\/\/cyberwroc.pl\/index.php\/wp-json\/wp\/v2\/pages"}],"about":[{"href":"https:\/\/cyberwroc.pl\/index.php\/wp-json\/wp\/v2\/types\/page"}],"author":[{"embeddable":true,"href":"https:\/\/cyberwroc.pl\/index.php\/wp-json\/wp\/v2\/users\/6"}],"replies":[{"embeddable":true,"href":"https:\/\/cyberwroc.pl\/index.php\/wp-json\/wp\/v2\/comments?post=727"}],"version-history":[{"count":1,"href":"https:\/\/cyberwroc.pl\/index.php\/wp-json\/wp\/v2\/pages\/727\/revisions"}],"predecessor-version":[{"id":729,"href":"https:\/\/cyberwroc.pl\/index.php\/wp-json\/wp\/v2\/pages\/727\/revisions\/729"}],"wp:attachment":[{"href":"https:\/\/cyberwroc.pl\/index.php\/wp-json\/wp\/v2\/media?parent=727"}],"curies":[{"name":"wp","href":"https:\/\/api.w.org\/{rel}","templated":true}]}}