{"id":730,"date":"2024-09-23T17:25:51","date_gmt":"2024-09-23T15:25:51","guid":{"rendered":"https:\/\/cyberwroc.pl\/?page_id=730"},"modified":"2024-09-23T17:25:51","modified_gmt":"2024-09-23T15:25:51","slug":"munchkin-zombie","status":"publish","type":"page","link":"https:\/\/cyberwroc.pl\/index.php\/munchkin-zombie\/","title":{"rendered":"Munchkin Zombie"},"content":{"rendered":"\n<div class=\"wp-block-media-text is-stacked-on-mobile\"><figure class=\"wp-block-media-text__media\"><img loading=\"lazy\" decoding=\"async\" width=\"544\" height=\"544\" src=\"https:\/\/cyberwroc.pl\/wp-content\/uploads\/2024\/09\/munchkin-zoombie-gra-karciana-edycja-polska-b-iext131742891.webp\" alt=\"\" class=\"wp-image-731 size-full\" srcset=\"https:\/\/cyberwroc.pl\/wp-content\/uploads\/2024\/09\/munchkin-zoombie-gra-karciana-edycja-polska-b-iext131742891.webp 544w, https:\/\/cyberwroc.pl\/wp-content\/uploads\/2024\/09\/munchkin-zoombie-gra-karciana-edycja-polska-b-iext131742891-300x300.webp 300w, https:\/\/cyberwroc.pl\/wp-content\/uploads\/2024\/09\/munchkin-zoombie-gra-karciana-edycja-polska-b-iext131742891-150x150.webp 150w\" sizes=\"auto, (max-width: 544px) 100vw, 544px\" \/><\/figure><div class=\"wp-block-media-text__content\">\n<p>Tym razem autorzy przenosz\u0105 graczy do \u015bwiata zombie apokalipsy. Poznaj najbardziej zwariowan\u0105 i najobrzydliwsz\u0105 edycj\u0119 Munchkina w historii, w kt\u00f3rej wcielisz si\u0119 w rol\u0119 zombie, wywa\u017cysz drzwi i po\u017cresz niejeden m\u00f3zg. Stawisz przy tym czo\u0142a nietypowym Potworom, ludziom, czasami bezbronnym, a czasami \u015bmiertelnie niebezpiecznym.<\/p>\n<\/div><\/div>\n\n\n\n<p class=\"has-text-align-center\"><strong><a href=\"https:\/\/blackmonk.pl\/MATERIALY\/MUNCHKIN_Zombie_instrukcja.pdf?srsltid=AfmBOopFIjMAqzSaO5SJHlMTjHrlPFdeGdnKdFfymlIlx4MiZC7_kfs6\" data-type=\"link\" data-id=\"https:\/\/blackmonk.pl\/MATERIALY\/MUNCHKIN_Zombie_instrukcja.pdf?srsltid=AfmBOopFIjMAqzSaO5SJHlMTjHrlPFdeGdnKdFfymlIlx4MiZC7_kfs6\">Instrukcja<\/a><\/strong><\/p>\n\n\n\n<p><\/p>\n","protected":false},"excerpt":{"rendered":"<p>Tym razem autorzy przenosz\u0105 graczy do \u015bwiata zombie apokalipsy. Poznaj najbardziej zwariowan\u0105 i najobrzydliwsz\u0105 edycj\u0119 Munchkina w historii, w kt\u00f3rej wcielisz si\u0119 w rol\u0119 zombie, wywa\u017cysz drzwi i po\u017cresz niejeden m\u00f3zg. Stawisz przy tym czo\u0142a nietypowym Potworom, ludziom, czasami bezbronnym, a czasami \u015bmiertelnie niebezpiecznym. Instrukcja<\/p>\n","protected":false},"author":6,"featured_media":0,"parent":0,"menu_order":0,"comment_status":"closed","ping_status":"closed","template":"","meta":{"footnotes":""},"class_list":["post-730","page","type-page","status-publish","hentry"],"_links":{"self":[{"href":"https:\/\/cyberwroc.pl\/index.php\/wp-json\/wp\/v2\/pages\/730","targetHints":{"allow":["GET"]}}],"collection":[{"href":"https:\/\/cyberwroc.pl\/index.php\/wp-json\/wp\/v2\/pages"}],"about":[{"href":"https:\/\/cyberwroc.pl\/index.php\/wp-json\/wp\/v2\/types\/page"}],"author":[{"embeddable":true,"href":"https:\/\/cyberwroc.pl\/index.php\/wp-json\/wp\/v2\/users\/6"}],"replies":[{"embeddable":true,"href":"https:\/\/cyberwroc.pl\/index.php\/wp-json\/wp\/v2\/comments?post=730"}],"version-history":[{"count":1,"href":"https:\/\/cyberwroc.pl\/index.php\/wp-json\/wp\/v2\/pages\/730\/revisions"}],"predecessor-version":[{"id":732,"href":"https:\/\/cyberwroc.pl\/index.php\/wp-json\/wp\/v2\/pages\/730\/revisions\/732"}],"wp:attachment":[{"href":"https:\/\/cyberwroc.pl\/index.php\/wp-json\/wp\/v2\/media?parent=730"}],"curies":[{"name":"wp","href":"https:\/\/api.w.org\/{rel}","templated":true}]}}