{"id":733,"date":"2024-09-23T17:32:45","date_gmt":"2024-09-23T15:32:45","guid":{"rendered":"https:\/\/cyberwroc.pl\/?page_id=733"},"modified":"2024-09-23T17:32:45","modified_gmt":"2024-09-23T15:32:45","slug":"munchkin-steampunk","status":"publish","type":"page","link":"https:\/\/cyberwroc.pl\/index.php\/munchkin-steampunk\/","title":{"rendered":"Munchkin Steampunk"},"content":{"rendered":"\n<div class=\"wp-block-media-text is-stacked-on-mobile\"><figure class=\"wp-block-media-text__media\"><img loading=\"lazy\" decoding=\"async\" width=\"800\" height=\"800\" src=\"https:\/\/cyberwroc.pl\/wp-content\/uploads\/2024\/09\/munchkin-steampunk-edycja-polska.png\" alt=\"\" class=\"wp-image-734 size-full\" srcset=\"https:\/\/cyberwroc.pl\/wp-content\/uploads\/2024\/09\/munchkin-steampunk-edycja-polska.png 800w, https:\/\/cyberwroc.pl\/wp-content\/uploads\/2024\/09\/munchkin-steampunk-edycja-polska-300x300.png 300w, https:\/\/cyberwroc.pl\/wp-content\/uploads\/2024\/09\/munchkin-steampunk-edycja-polska-150x150.png 150w, https:\/\/cyberwroc.pl\/wp-content\/uploads\/2024\/09\/munchkin-steampunk-edycja-polska-768x768.png 768w\" sizes=\"auto, (max-width: 800px) 100vw, 800px\" \/><\/figure><div class=\"wp-block-media-text__content\">\n<p>Dostojne damy i szarmanccy panowie, b\u0119dziecie mogli wcieli\u0107 si\u0119 w Potentat\u00f3w ery rewolucji przemys\u0142owej, Odkrywc\u00f3w pradawnych Skarb\u00f3w, Mechanik\u00f3w znaj\u0105cych ka\u017cde ko\u0142o z\u0119bate w swoich Przedmiotach, a tak\u017ce Oficer\u00f3w armii najwi\u0119kszych imperi\u00f3w.<\/p>\n<\/div><\/div>\n\n\n\n<p class=\"has-text-align-center\"><strong><a href=\"https:\/\/blackmonk.pl\/MATERIALY\/MUNCHKIN_Steampunk_Instrukcja.pdf?srsltid=AfmBOoqAL3f9wE3yUgyvEjpXc4lW3K8G-W8MHIKtTOH56rnuAglP7zIv\" data-type=\"link\" data-id=\"https:\/\/blackmonk.pl\/MATERIALY\/MUNCHKIN_Steampunk_Instrukcja.pdf?srsltid=AfmBOoqAL3f9wE3yUgyvEjpXc4lW3K8G-W8MHIKtTOH56rnuAglP7zIv\">Instrukcja<\/a><\/strong><\/p>\n","protected":false},"excerpt":{"rendered":"<p>Dostojne damy i szarmanccy panowie, b\u0119dziecie mogli wcieli\u0107 si\u0119 w Potentat\u00f3w ery rewolucji przemys\u0142owej, Odkrywc\u00f3w pradawnych Skarb\u00f3w, Mechanik\u00f3w znaj\u0105cych ka\u017cde ko\u0142o z\u0119bate w swoich Przedmiotach, a tak\u017ce Oficer\u00f3w armii najwi\u0119kszych imperi\u00f3w. Instrukcja<\/p>\n","protected":false},"author":6,"featured_media":0,"parent":0,"menu_order":0,"comment_status":"closed","ping_status":"closed","template":"","meta":{"footnotes":""},"class_list":["post-733","page","type-page","status-publish","hentry"],"_links":{"self":[{"href":"https:\/\/cyberwroc.pl\/index.php\/wp-json\/wp\/v2\/pages\/733","targetHints":{"allow":["GET"]}}],"collection":[{"href":"https:\/\/cyberwroc.pl\/index.php\/wp-json\/wp\/v2\/pages"}],"about":[{"href":"https:\/\/cyberwroc.pl\/index.php\/wp-json\/wp\/v2\/types\/page"}],"author":[{"embeddable":true,"href":"https:\/\/cyberwroc.pl\/index.php\/wp-json\/wp\/v2\/users\/6"}],"replies":[{"embeddable":true,"href":"https:\/\/cyberwroc.pl\/index.php\/wp-json\/wp\/v2\/comments?post=733"}],"version-history":[{"count":1,"href":"https:\/\/cyberwroc.pl\/index.php\/wp-json\/wp\/v2\/pages\/733\/revisions"}],"predecessor-version":[{"id":737,"href":"https:\/\/cyberwroc.pl\/index.php\/wp-json\/wp\/v2\/pages\/733\/revisions\/737"}],"wp:attachment":[{"href":"https:\/\/cyberwroc.pl\/index.php\/wp-json\/wp\/v2\/media?parent=733"}],"curies":[{"name":"wp","href":"https:\/\/api.w.org\/{rel}","templated":true}]}}