{"id":769,"date":"2024-09-25T16:58:53","date_gmt":"2024-09-25T14:58:53","guid":{"rendered":"https:\/\/cyberwroc.pl\/?page_id=769"},"modified":"2024-09-25T16:58:53","modified_gmt":"2024-09-25T14:58:53","slug":"sen","status":"publish","type":"page","link":"https:\/\/cyberwroc.pl\/index.php\/sen\/","title":{"rendered":"Sen"},"content":{"rendered":"\n<div class=\"wp-block-media-text is-stacked-on-mobile\"><figure class=\"wp-block-media-text__media\"><img loading=\"lazy\" decoding=\"async\" width=\"270\" height=\"361\" src=\"https:\/\/cyberwroc.pl\/wp-content\/uploads\/2024\/09\/sen_1.jpg\" alt=\"\" class=\"wp-image-770 size-full\" srcset=\"https:\/\/cyberwroc.pl\/wp-content\/uploads\/2024\/09\/sen_1.jpg 270w, https:\/\/cyberwroc.pl\/wp-content\/uploads\/2024\/09\/sen_1-224x300.jpg 224w\" sizes=\"auto, (max-width: 270px) 100vw, 270px\" \/><\/figure><div class=\"wp-block-media-text__content\">\n<p><strong>Stw\u00f3rz w\u0142asny sen!<\/strong><br>Gracze wybieraj\u0105 si\u0119 w podr\u00f3\u017c do \u015bwiata ze sn\u00f3w. Czekaj\u0105 na nich niezwyk\u0142e krainy: niekt\u00f3re jak z bajki, inne z kolei mroczne i pe\u0142ne kruk\u00f3w. Podgl\u0105daj i przejmuj sny rywali. Celem gry jest stworzenie snu z jak najmniejsz\u0105 liczb\u0105 kruk\u00f3w.<\/p>\n<\/div><\/div>\n\n\n\n<p class=\"has-text-align-center\"><strong><a href=\"https:\/\/gry.nk.com.pl\/wp-content\/uploads\/2022\/03\/SEN-instrukcja.pdf\" data-type=\"link\" data-id=\"https:\/\/gry.nk.com.pl\/wp-content\/uploads\/2022\/03\/SEN-instrukcja.pdf\">Instrukcja<\/a><\/strong><\/p>\n","protected":false},"excerpt":{"rendered":"<p>Stw\u00f3rz w\u0142asny sen!Gracze wybieraj\u0105 si\u0119 w podr\u00f3\u017c do \u015bwiata ze sn\u00f3w. Czekaj\u0105 na nich niezwyk\u0142e krainy: niekt\u00f3re jak z bajki, inne z kolei mroczne i pe\u0142ne kruk\u00f3w. Podgl\u0105daj i przejmuj sny rywali. Celem gry jest stworzenie snu z jak najmniejsz\u0105 liczb\u0105 kruk\u00f3w. Instrukcja<\/p>\n","protected":false},"author":6,"featured_media":0,"parent":0,"menu_order":0,"comment_status":"closed","ping_status":"closed","template":"","meta":{"footnotes":""},"class_list":["post-769","page","type-page","status-publish","hentry"],"_links":{"self":[{"href":"https:\/\/cyberwroc.pl\/index.php\/wp-json\/wp\/v2\/pages\/769","targetHints":{"allow":["GET"]}}],"collection":[{"href":"https:\/\/cyberwroc.pl\/index.php\/wp-json\/wp\/v2\/pages"}],"about":[{"href":"https:\/\/cyberwroc.pl\/index.php\/wp-json\/wp\/v2\/types\/page"}],"author":[{"embeddable":true,"href":"https:\/\/cyberwroc.pl\/index.php\/wp-json\/wp\/v2\/users\/6"}],"replies":[{"embeddable":true,"href":"https:\/\/cyberwroc.pl\/index.php\/wp-json\/wp\/v2\/comments?post=769"}],"version-history":[{"count":1,"href":"https:\/\/cyberwroc.pl\/index.php\/wp-json\/wp\/v2\/pages\/769\/revisions"}],"predecessor-version":[{"id":771,"href":"https:\/\/cyberwroc.pl\/index.php\/wp-json\/wp\/v2\/pages\/769\/revisions\/771"}],"wp:attachment":[{"href":"https:\/\/cyberwroc.pl\/index.php\/wp-json\/wp\/v2\/media?parent=769"}],"curies":[{"name":"wp","href":"https:\/\/api.w.org\/{rel}","templated":true}]}}