{"id":79,"date":"2022-04-20T15:59:54","date_gmt":"2022-04-20T13:59:54","guid":{"rendered":"https:\/\/cyberwroc.pl\/?page_id=79"},"modified":"2022-11-09T15:13:41","modified_gmt":"2022-11-09T14:13:41","slug":"mistakos","status":"publish","type":"page","link":"https:\/\/cyberwroc.pl\/index.php\/mistakos\/","title":{"rendered":"Mistakos"},"content":{"rendered":"\n<div class=\"wp-block-media-text alignwide is-stacked-on-mobile\"><figure class=\"wp-block-media-text__media\"><img decoding=\"async\" src=\"https:\/\/img.smyk.com\/1920x\/filters:no_upscale()\/https:\/\/beta-cdn.smyk.com\/media\/product\/1600\/1\/trefl-mistakos---walka-o-stolki-gra-zrecznosciowa-5972513.jpg\" alt=\"\"\/><\/figure><div class=\"wp-block-media-text__content\">\n<p class=\"has-medium-font-size\">Buduj wraz z przeciwnikami imponuj\u0105ca konstrukcj\u0119 z krzese\u0142 i w zale\u017cno\u015bci od wariantu rozgrywki, jak najszybciej pozb\u0105d\u017a si\u0119 swoich krzese\u0142ek, lub zdob\u0105d\u017a jak najmniejsz\u0105 ilo\u015b\u0107 punkt\u00f3w karnych. Wyka\u017c si\u0119 zr\u0119czno\u015bci\u0105, pomys\u0142owo\u015bci\u0105 i zosta\u0144 mistrzem gry&nbsp;<strong>Mistakos<\/strong>!<\/p>\n<\/div><\/div>\n\n\n\n<p class=\"has-text-align-center has-large-font-size\"><a href=\"https:\/\/www.trefl.com\/media\/instruction\/\/0\/1\/01827_instrukcja_1.pdf\" data-type=\"URL\" data-id=\"https:\/\/www.trefl.com\/media\/instruction\/\/0\/1\/01827_instrukcja_1.pdf\"><strong>INSTRUKCJA<\/strong><\/a><\/p>\n","protected":false},"excerpt":{"rendered":"<p>Buduj wraz z przeciwnikami imponuj\u0105ca konstrukcj\u0119 z krzese\u0142 i w zale\u017cno\u015bci od wariantu rozgrywki, jak najszybciej pozb\u0105d\u017a si\u0119 swoich krzese\u0142ek, lub zdob\u0105d\u017a jak najmniejsz\u0105 ilo\u015b\u0107 punkt\u00f3w karnych. Wyka\u017c si\u0119 zr\u0119czno\u015bci\u0105, pomys\u0142owo\u015bci\u0105 i zosta\u0144 mistrzem gry&nbsp;Mistakos! INSTRUKCJA<\/p>\n","protected":false},"author":2,"featured_media":0,"parent":0,"menu_order":0,"comment_status":"closed","ping_status":"closed","template":"","meta":{"footnotes":""},"class_list":["post-79","page","type-page","status-publish","hentry"],"_links":{"self":[{"href":"https:\/\/cyberwroc.pl\/index.php\/wp-json\/wp\/v2\/pages\/79","targetHints":{"allow":["GET"]}}],"collection":[{"href":"https:\/\/cyberwroc.pl\/index.php\/wp-json\/wp\/v2\/pages"}],"about":[{"href":"https:\/\/cyberwroc.pl\/index.php\/wp-json\/wp\/v2\/types\/page"}],"author":[{"embeddable":true,"href":"https:\/\/cyberwroc.pl\/index.php\/wp-json\/wp\/v2\/users\/2"}],"replies":[{"embeddable":true,"href":"https:\/\/cyberwroc.pl\/index.php\/wp-json\/wp\/v2\/comments?post=79"}],"version-history":[{"count":3,"href":"https:\/\/cyberwroc.pl\/index.php\/wp-json\/wp\/v2\/pages\/79\/revisions"}],"predecessor-version":[{"id":491,"href":"https:\/\/cyberwroc.pl\/index.php\/wp-json\/wp\/v2\/pages\/79\/revisions\/491"}],"wp:attachment":[{"href":"https:\/\/cyberwroc.pl\/index.php\/wp-json\/wp\/v2\/media?parent=79"}],"curies":[{"name":"wp","href":"https:\/\/api.w.org\/{rel}","templated":true}]}}