{"id":799,"date":"2024-10-18T16:57:37","date_gmt":"2024-10-18T14:57:37","guid":{"rendered":"https:\/\/cyberwroc.pl\/?page_id=799"},"modified":"2024-10-18T16:57:37","modified_gmt":"2024-10-18T14:57:37","slug":"czarne-historie-nr-1","status":"publish","type":"page","link":"https:\/\/cyberwroc.pl\/index.php\/czarne-historie-nr-1\/","title":{"rendered":"Czarne historie: Nr 1"},"content":{"rendered":"\n<div class=\"wp-block-media-text is-stacked-on-mobile\"><figure class=\"wp-block-media-text__media\"><img loading=\"lazy\" decoding=\"async\" width=\"726\" height=\"1024\" src=\"https:\/\/cyberwroc.pl\/wp-content\/uploads\/2024\/10\/czarne-historie-nr-1-b-iext164260368-726x1024.webp\" alt=\"\" class=\"wp-image-800 size-full\" srcset=\"https:\/\/cyberwroc.pl\/wp-content\/uploads\/2024\/10\/czarne-historie-nr-1-b-iext164260368-726x1024.webp 726w, https:\/\/cyberwroc.pl\/wp-content\/uploads\/2024\/10\/czarne-historie-nr-1-b-iext164260368-213x300.webp 213w, https:\/\/cyberwroc.pl\/wp-content\/uploads\/2024\/10\/czarne-historie-nr-1-b-iext164260368-768x1083.webp 768w, https:\/\/cyberwroc.pl\/wp-content\/uploads\/2024\/10\/czarne-historie-nr-1-b-iext164260368.webp 851w\" sizes=\"auto, (max-width: 726px) 100vw, 726px\" \/><\/figure><div class=\"wp-block-media-text__content\">\n<p>Jeste\u015bcie detektywami, ale nie macie skomplikowanej aparatury, policyjnych samochod\u00f3w, \u015bmig\u0142owc\u00f3w i ps\u00f3w tropi\u0105cych&#8230; Nie zdejmiecie odcisk\u00f3w palc\u00f3w&#8230; Jeste\u015bcie niemymi \u015bwiadkami zdarzenia \u2013 fragmentu historii, kt\u00f3r\u0105 przyjdzie wam rozwik\u0142a\u0107 przy pomocy dedukcji i kilkunastu pyta\u0144 na kt\u00f3re jedyn\u0105 mo\u017cliw\u0105 odpowiedzi\u0105 s\u0105 dwa proste s\u0142owa: TAK lub NIE.<\/p>\n<\/div><\/div>\n\n\n\n<p class=\"has-text-align-center\"><strong><a href=\"https:\/\/gramywplanszowki.pl\/storage\/games\/400\/files\/czarne-historie-instrukcja.pdf\" data-type=\"link\" data-id=\"https:\/\/gramywplanszowki.pl\/storage\/games\/400\/files\/czarne-historie-instrukcja.pdf\">Instrukcja<\/a><\/strong><\/p>\n","protected":false},"excerpt":{"rendered":"<p>Jeste\u015bcie detektywami, ale nie macie skomplikowanej aparatury, policyjnych samochod\u00f3w, \u015bmig\u0142owc\u00f3w i ps\u00f3w tropi\u0105cych&#8230; Nie zdejmiecie odcisk\u00f3w palc\u00f3w&#8230; Jeste\u015bcie niemymi \u015bwiadkami zdarzenia \u2013 fragmentu historii, kt\u00f3r\u0105 przyjdzie wam rozwik\u0142a\u0107 przy pomocy dedukcji i kilkunastu pyta\u0144 na kt\u00f3re jedyn\u0105 mo\u017cliw\u0105 odpowiedzi\u0105 s\u0105 dwa proste s\u0142owa: TAK lub NIE. Instrukcja<\/p>\n","protected":false},"author":6,"featured_media":0,"parent":0,"menu_order":0,"comment_status":"closed","ping_status":"closed","template":"","meta":{"footnotes":""},"class_list":["post-799","page","type-page","status-publish","hentry"],"_links":{"self":[{"href":"https:\/\/cyberwroc.pl\/index.php\/wp-json\/wp\/v2\/pages\/799","targetHints":{"allow":["GET"]}}],"collection":[{"href":"https:\/\/cyberwroc.pl\/index.php\/wp-json\/wp\/v2\/pages"}],"about":[{"href":"https:\/\/cyberwroc.pl\/index.php\/wp-json\/wp\/v2\/types\/page"}],"author":[{"embeddable":true,"href":"https:\/\/cyberwroc.pl\/index.php\/wp-json\/wp\/v2\/users\/6"}],"replies":[{"embeddable":true,"href":"https:\/\/cyberwroc.pl\/index.php\/wp-json\/wp\/v2\/comments?post=799"}],"version-history":[{"count":1,"href":"https:\/\/cyberwroc.pl\/index.php\/wp-json\/wp\/v2\/pages\/799\/revisions"}],"predecessor-version":[{"id":801,"href":"https:\/\/cyberwroc.pl\/index.php\/wp-json\/wp\/v2\/pages\/799\/revisions\/801"}],"wp:attachment":[{"href":"https:\/\/cyberwroc.pl\/index.php\/wp-json\/wp\/v2\/media?parent=799"}],"curies":[{"name":"wp","href":"https:\/\/api.w.org\/{rel}","templated":true}]}}