{"id":802,"date":"2024-10-18T16:59:49","date_gmt":"2024-10-18T14:59:49","guid":{"rendered":"https:\/\/cyberwroc.pl\/?page_id=802"},"modified":"2024-10-18T16:59:49","modified_gmt":"2024-10-18T14:59:49","slug":"zombiaki-2-atak-na-moskwe","status":"publish","type":"page","link":"https:\/\/cyberwroc.pl\/index.php\/zombiaki-2-atak-na-moskwe\/","title":{"rendered":"Zombiaki 2: Atak na Moskw\u0119"},"content":{"rendered":"\n<div class=\"wp-block-media-text is-stacked-on-mobile\"><figure class=\"wp-block-media-text__media\"><img loading=\"lazy\" decoding=\"async\" width=\"640\" height=\"640\" src=\"https:\/\/cyberwroc.pl\/wp-content\/uploads\/2024\/10\/zombiaki-2-atak-na-moskwe-b-iext164275198.webp\" alt=\"\" class=\"wp-image-803 size-full\" srcset=\"https:\/\/cyberwroc.pl\/wp-content\/uploads\/2024\/10\/zombiaki-2-atak-na-moskwe-b-iext164275198.webp 640w, https:\/\/cyberwroc.pl\/wp-content\/uploads\/2024\/10\/zombiaki-2-atak-na-moskwe-b-iext164275198-300x300.webp 300w, https:\/\/cyberwroc.pl\/wp-content\/uploads\/2024\/10\/zombiaki-2-atak-na-moskwe-b-iext164275198-150x150.webp 150w\" sizes=\"auto, (max-width: 640px) 100vw, 640px\" \/><\/figure><div class=\"wp-block-media-text__content\">\n<p>Pojedynkowy hit, niewyczerpany generator kombos\u00f3w, menad\u017cer absurdalnego humoru i podbramkowych sytuacji\u2026 Zombiaki 2: Atak na Moskw\u0119 to pojedynkowa gra karciana dla 2 graczy pe\u0142na zalet wszelakich! Rzu\u0107 si\u0119 w wir walki i dobierz si\u0119 do m\u00f3zg\u00f3w jako horda krwio\u017cerczych zombiak\u00f3w albo dotrwaj do \u015bwitu jako obro\u0144cy ostatniej barykady!<\/p>\n<\/div><\/div>\n\n\n\n<p class=\"has-text-align-center\"><strong><a href=\"https:\/\/repository.rebel.pl\/files\/instrukcje\/z2_rules.pdf\" data-type=\"link\" data-id=\"https:\/\/repository.rebel.pl\/files\/instrukcje\/z2_rules.pdf\">Instrukcja<\/a><\/strong><\/p>\n","protected":false},"excerpt":{"rendered":"<p>Pojedynkowy hit, niewyczerpany generator kombos\u00f3w, menad\u017cer absurdalnego humoru i podbramkowych sytuacji\u2026 Zombiaki 2: Atak na Moskw\u0119 to pojedynkowa gra karciana dla 2 graczy pe\u0142na zalet wszelakich! Rzu\u0107 si\u0119 w wir walki i dobierz si\u0119 do m\u00f3zg\u00f3w jako horda krwio\u017cerczych zombiak\u00f3w albo dotrwaj do \u015bwitu jako obro\u0144cy ostatniej barykady! Instrukcja<\/p>\n","protected":false},"author":6,"featured_media":0,"parent":0,"menu_order":0,"comment_status":"closed","ping_status":"closed","template":"","meta":{"footnotes":""},"class_list":["post-802","page","type-page","status-publish","hentry"],"_links":{"self":[{"href":"https:\/\/cyberwroc.pl\/index.php\/wp-json\/wp\/v2\/pages\/802","targetHints":{"allow":["GET"]}}],"collection":[{"href":"https:\/\/cyberwroc.pl\/index.php\/wp-json\/wp\/v2\/pages"}],"about":[{"href":"https:\/\/cyberwroc.pl\/index.php\/wp-json\/wp\/v2\/types\/page"}],"author":[{"embeddable":true,"href":"https:\/\/cyberwroc.pl\/index.php\/wp-json\/wp\/v2\/users\/6"}],"replies":[{"embeddable":true,"href":"https:\/\/cyberwroc.pl\/index.php\/wp-json\/wp\/v2\/comments?post=802"}],"version-history":[{"count":1,"href":"https:\/\/cyberwroc.pl\/index.php\/wp-json\/wp\/v2\/pages\/802\/revisions"}],"predecessor-version":[{"id":804,"href":"https:\/\/cyberwroc.pl\/index.php\/wp-json\/wp\/v2\/pages\/802\/revisions\/804"}],"wp:attachment":[{"href":"https:\/\/cyberwroc.pl\/index.php\/wp-json\/wp\/v2\/media?parent=802"}],"curies":[{"name":"wp","href":"https:\/\/api.w.org\/{rel}","templated":true}]}}