{"id":811,"date":"2024-10-28T22:27:58","date_gmt":"2024-10-28T21:27:58","guid":{"rendered":"https:\/\/cyberwroc.pl\/?page_id=811"},"modified":"2024-10-28T22:27:58","modified_gmt":"2024-10-28T21:27:58","slug":"eksplodujace-kotki-dobro-kontra-zlo","status":"publish","type":"page","link":"https:\/\/cyberwroc.pl\/index.php\/eksplodujace-kotki-dobro-kontra-zlo\/","title":{"rendered":"Eksploduj\u0105ce Kotki: Dobro kontra Z\u0142o"},"content":{"rendered":"\n<div class=\"wp-block-media-text is-stacked-on-mobile\"><figure class=\"wp-block-media-text__media\"><img loading=\"lazy\" decoding=\"async\" width=\"544\" height=\"544\" src=\"https:\/\/cyberwroc.pl\/wp-content\/uploads\/2024\/10\/esklodujace-kotki-dobro-kontra-zlo-gra-planszowa-rebel-b-iext157518680-1.webp\" alt=\"\" class=\"wp-image-813 size-full\" srcset=\"https:\/\/cyberwroc.pl\/wp-content\/uploads\/2024\/10\/esklodujace-kotki-dobro-kontra-zlo-gra-planszowa-rebel-b-iext157518680-1.webp 544w, https:\/\/cyberwroc.pl\/wp-content\/uploads\/2024\/10\/esklodujace-kotki-dobro-kontra-zlo-gra-planszowa-rebel-b-iext157518680-1-300x300.webp 300w, https:\/\/cyberwroc.pl\/wp-content\/uploads\/2024\/10\/esklodujace-kotki-dobro-kontra-zlo-gra-planszowa-rebel-b-iext157518680-1-150x150.webp 150w\" sizes=\"auto, (max-width: 544px) 100vw, 544px\" \/><\/figure><div class=\"wp-block-media-text__content\">\n<p>Fascynuje Ci\u0119 odwieczna walka dobra ze z\u0142em? Zastanawiasz si\u0119, jakby to by\u0142o wywo\u0142a\u0107 prawdziwy armagedon? A mo\u017ce po prostu ciekawi Ci\u0119, czy koty maj\u0105 swojego Boga i Diab\u0142a? Wszystkie te elementy (i wiele, wiele wi\u0119cej!) znajdziesz w grze\u00a0<strong>Eksploduj\u0105ce Kotki: Dobro kontra Z\u0142o<\/strong>, inspirowanej najstarszym konfliktem w dziejach.<\/p>\n<\/div><\/div>\n\n\n\n<p class=\"has-text-align-center\"><strong><a href=\"https:\/\/files.rebel.pl\/files\/instrukcje\/Instrukcja_Eksplodujace-Kotki-Dobro-kontra-Zlo.pdf\" data-type=\"link\" data-id=\"https:\/\/files.rebel.pl\/files\/instrukcje\/Instrukcja_Eksplodujace-Kotki-Dobro-kontra-Zlo.pdf\">Instrukcja<\/a><\/strong><\/p>\n","protected":false},"excerpt":{"rendered":"<p>Fascynuje Ci\u0119 odwieczna walka dobra ze z\u0142em? Zastanawiasz si\u0119, jakby to by\u0142o wywo\u0142a\u0107 prawdziwy armagedon? A mo\u017ce po prostu ciekawi Ci\u0119, czy koty maj\u0105 swojego Boga i Diab\u0142a? Wszystkie te elementy (i wiele, wiele wi\u0119cej!) znajdziesz w grze\u00a0Eksploduj\u0105ce Kotki: Dobro kontra Z\u0142o, inspirowanej najstarszym konfliktem w dziejach. Instrukcja<\/p>\n","protected":false},"author":6,"featured_media":0,"parent":0,"menu_order":0,"comment_status":"closed","ping_status":"closed","template":"","meta":{"footnotes":""},"class_list":["post-811","page","type-page","status-publish","hentry"],"_links":{"self":[{"href":"https:\/\/cyberwroc.pl\/index.php\/wp-json\/wp\/v2\/pages\/811","targetHints":{"allow":["GET"]}}],"collection":[{"href":"https:\/\/cyberwroc.pl\/index.php\/wp-json\/wp\/v2\/pages"}],"about":[{"href":"https:\/\/cyberwroc.pl\/index.php\/wp-json\/wp\/v2\/types\/page"}],"author":[{"embeddable":true,"href":"https:\/\/cyberwroc.pl\/index.php\/wp-json\/wp\/v2\/users\/6"}],"replies":[{"embeddable":true,"href":"https:\/\/cyberwroc.pl\/index.php\/wp-json\/wp\/v2\/comments?post=811"}],"version-history":[{"count":1,"href":"https:\/\/cyberwroc.pl\/index.php\/wp-json\/wp\/v2\/pages\/811\/revisions"}],"predecessor-version":[{"id":814,"href":"https:\/\/cyberwroc.pl\/index.php\/wp-json\/wp\/v2\/pages\/811\/revisions\/814"}],"wp:attachment":[{"href":"https:\/\/cyberwroc.pl\/index.php\/wp-json\/wp\/v2\/media?parent=811"}],"curies":[{"name":"wp","href":"https:\/\/api.w.org\/{rel}","templated":true}]}}