{"id":818,"date":"2025-01-16T17:08:00","date_gmt":"2025-01-16T16:08:00","guid":{"rendered":"https:\/\/cyberwroc.pl\/?page_id=818"},"modified":"2025-01-16T17:08:00","modified_gmt":"2025-01-16T16:08:00","slug":"gra-ze-sliwka","status":"publish","type":"page","link":"https:\/\/cyberwroc.pl\/index.php\/gra-ze-sliwka\/","title":{"rendered":"Gra ze \u015bliwk\u0105"},"content":{"rendered":"\n<div class=\"wp-block-media-text is-stacked-on-mobile\"><figure class=\"wp-block-media-text__media\"><img loading=\"lazy\" decoding=\"async\" width=\"538\" height=\"900\" src=\"https:\/\/cyberwroc.pl\/wp-content\/uploads\/2025\/01\/gra-karciana-gra-ze-sliwka-na-okladce-i-liczba-pi-w-tle-b-iext141141681.jpg\" alt=\"\" class=\"wp-image-819 size-full\" srcset=\"https:\/\/cyberwroc.pl\/wp-content\/uploads\/2025\/01\/gra-karciana-gra-ze-sliwka-na-okladce-i-liczba-pi-w-tle-b-iext141141681.jpg 538w, https:\/\/cyberwroc.pl\/wp-content\/uploads\/2025\/01\/gra-karciana-gra-ze-sliwka-na-okladce-i-liczba-pi-w-tle-b-iext141141681-179x300.jpg 179w\" sizes=\"auto, (max-width: 538px) 100vw, 538px\" \/><\/figure><div class=\"wp-block-media-text__content\">\n<p>Pomys\u0142owa gra w karty, doskona\u0142a na spotkania rodzinne oraz imprezy towarzyskie.\u00a0Do wylosowanego zestawu kart trzeba dobra\u0107 odpowiedni\u0105 strategi\u0119. Aby wygra\u0107, nale\u017cy skompletowa\u0107 punktowane kolekcje owoc\u00f3w.\u00a0Przy obmy\u015blaniu taktyki okazuje si\u0119, \u017ce liczba Pi jest bardzo wa\u017cna, a \u015bliwka staje si\u0119 naprawd\u0119 szczeg\u00f3lnym owocem.\u00a0To jednak nie wszystko. W grze bierze udzia\u0142 tak\u017ce \u201epies obronny\u201d, a czasem trafia si\u0119 r\u00f3wnie\u017c akcja specjalna&#8230;<\/p>\n<\/div><\/div>\n\n\n\n<p class=\"has-text-align-center\"><a href=\"https:\/\/gramywplanszowki.pl\/storage\/games\/1819\/files\/gra-ze-sliwka-na-okladce-i-liczba-pi-w-tle-instrukcja.pdf\" data-type=\"link\" data-id=\"https:\/\/gramywplanszowki.pl\/storage\/games\/1819\/files\/gra-ze-sliwka-na-okladce-i-liczba-pi-w-tle-instrukcja.pdf\">Instrukcja<\/a><\/p>\n","protected":false},"excerpt":{"rendered":"<p>Pomys\u0142owa gra w karty, doskona\u0142a na spotkania rodzinne oraz imprezy towarzyskie.\u00a0Do wylosowanego zestawu kart trzeba dobra\u0107 odpowiedni\u0105 strategi\u0119. Aby wygra\u0107, nale\u017cy skompletowa\u0107 punktowane kolekcje owoc\u00f3w.\u00a0Przy obmy\u015blaniu taktyki okazuje si\u0119, \u017ce liczba Pi jest bardzo wa\u017cna, a \u015bliwka staje si\u0119 naprawd\u0119 szczeg\u00f3lnym owocem.\u00a0To jednak nie wszystko. W grze bierze udzia\u0142 tak\u017ce \u201epies obronny\u201d, a czasem trafia [&hellip;]<\/p>\n","protected":false},"author":6,"featured_media":0,"parent":0,"menu_order":0,"comment_status":"closed","ping_status":"closed","template":"","meta":{"footnotes":""},"class_list":["post-818","page","type-page","status-publish","hentry"],"_links":{"self":[{"href":"https:\/\/cyberwroc.pl\/index.php\/wp-json\/wp\/v2\/pages\/818","targetHints":{"allow":["GET"]}}],"collection":[{"href":"https:\/\/cyberwroc.pl\/index.php\/wp-json\/wp\/v2\/pages"}],"about":[{"href":"https:\/\/cyberwroc.pl\/index.php\/wp-json\/wp\/v2\/types\/page"}],"author":[{"embeddable":true,"href":"https:\/\/cyberwroc.pl\/index.php\/wp-json\/wp\/v2\/users\/6"}],"replies":[{"embeddable":true,"href":"https:\/\/cyberwroc.pl\/index.php\/wp-json\/wp\/v2\/comments?post=818"}],"version-history":[{"count":1,"href":"https:\/\/cyberwroc.pl\/index.php\/wp-json\/wp\/v2\/pages\/818\/revisions"}],"predecessor-version":[{"id":820,"href":"https:\/\/cyberwroc.pl\/index.php\/wp-json\/wp\/v2\/pages\/818\/revisions\/820"}],"wp:attachment":[{"href":"https:\/\/cyberwroc.pl\/index.php\/wp-json\/wp\/v2\/media?parent=818"}],"curies":[{"name":"wp","href":"https:\/\/api.w.org\/{rel}","templated":true}]}}