{"id":822,"date":"2025-01-16T17:14:28","date_gmt":"2025-01-16T16:14:28","guid":{"rendered":"https:\/\/cyberwroc.pl\/?page_id=822"},"modified":"2025-01-16T17:14:28","modified_gmt":"2025-01-16T16:14:28","slug":"goblins-epic-death","status":"publish","type":"page","link":"https:\/\/cyberwroc.pl\/index.php\/goblins-epic-death\/","title":{"rendered":"Goblins Epic Death"},"content":{"rendered":"\n<div class=\"wp-block-media-text is-stacked-on-mobile\"><figure class=\"wp-block-media-text__media\"><img loading=\"lazy\" decoding=\"async\" width=\"537\" height=\"1000\" src=\"https:\/\/cyberwroc.pl\/wp-content\/uploads\/2025\/01\/91VoTLhwQSL._AC_UF10001000_QL80_.jpg\" alt=\"\" class=\"wp-image-823 size-full\" srcset=\"https:\/\/cyberwroc.pl\/wp-content\/uploads\/2025\/01\/91VoTLhwQSL._AC_UF10001000_QL80_.jpg 537w, https:\/\/cyberwroc.pl\/wp-content\/uploads\/2025\/01\/91VoTLhwQSL._AC_UF10001000_QL80_-161x300.jpg 161w\" sizes=\"auto, (max-width: 537px) 100vw, 537px\" \/><\/figure><div class=\"wp-block-media-text__content\">\n<p>Do\u015b\u0107 tego! Wszyscy Wodzowie gobli\u0144skich plemion (z ka\u017cdego lasu, jaskini czy wzg\u00f3rza)- w ko\u0144cu podj\u0119li decyzj\u0119! Ju\u017c zbyt d\u0142ugo, ludzie t\u0119pi\u0105 nasz rodzaj! I po co? Po to tylko, \u017ceby zdoby\u0107 kolejny poziom do\u015bwiadczenia, kt\u00f3ry to proces bezczelnie nazywaj\u0105 \u201eLevel Up!\u201d? Cokolwiek to znaczy &#8211; nie obchodzi nas! Ju\u017c za chwil\u0119 Wodzowie po\u015bl\u0105 nasze zajad\u0142e i wyg\u0142odnia\u0142e hordy, aby przep\u0119dzi\u0142y ludzi gdzie pieprz ro\u015bnie, zdoby\u0142y, spali\u0142y oraz spl\u0105drowa\u0142y ich ukochane miasto! Taaaak! GOOOBLIIINYYY!!!!\u00a0<\/p>\n<\/div><\/div>\n\n\n\n<p class=\"has-text-align-center\"><a href=\"https:\/\/factorycube.pl\/files\/rules\/e08fb4de55dd73b8669d7bd114f15723.pdf\" data-type=\"link\" data-id=\"https:\/\/factorycube.pl\/files\/rules\/e08fb4de55dd73b8669d7bd114f15723.pdf\">Instrukcja<\/a><\/p>\n","protected":false},"excerpt":{"rendered":"<p>Do\u015b\u0107 tego! Wszyscy Wodzowie gobli\u0144skich plemion (z ka\u017cdego lasu, jaskini czy wzg\u00f3rza)- w ko\u0144cu podj\u0119li decyzj\u0119! Ju\u017c zbyt d\u0142ugo, ludzie t\u0119pi\u0105 nasz rodzaj! I po co? Po to tylko, \u017ceby zdoby\u0107 kolejny poziom do\u015bwiadczenia, kt\u00f3ry to proces bezczelnie nazywaj\u0105 \u201eLevel Up!\u201d? Cokolwiek to znaczy &#8211; nie obchodzi nas! Ju\u017c za chwil\u0119 Wodzowie po\u015bl\u0105 nasze zajad\u0142e [&hellip;]<\/p>\n","protected":false},"author":6,"featured_media":0,"parent":0,"menu_order":0,"comment_status":"closed","ping_status":"closed","template":"","meta":{"footnotes":""},"class_list":["post-822","page","type-page","status-publish","hentry"],"_links":{"self":[{"href":"https:\/\/cyberwroc.pl\/index.php\/wp-json\/wp\/v2\/pages\/822","targetHints":{"allow":["GET"]}}],"collection":[{"href":"https:\/\/cyberwroc.pl\/index.php\/wp-json\/wp\/v2\/pages"}],"about":[{"href":"https:\/\/cyberwroc.pl\/index.php\/wp-json\/wp\/v2\/types\/page"}],"author":[{"embeddable":true,"href":"https:\/\/cyberwroc.pl\/index.php\/wp-json\/wp\/v2\/users\/6"}],"replies":[{"embeddable":true,"href":"https:\/\/cyberwroc.pl\/index.php\/wp-json\/wp\/v2\/comments?post=822"}],"version-history":[{"count":1,"href":"https:\/\/cyberwroc.pl\/index.php\/wp-json\/wp\/v2\/pages\/822\/revisions"}],"predecessor-version":[{"id":824,"href":"https:\/\/cyberwroc.pl\/index.php\/wp-json\/wp\/v2\/pages\/822\/revisions\/824"}],"wp:attachment":[{"href":"https:\/\/cyberwroc.pl\/index.php\/wp-json\/wp\/v2\/media?parent=822"}],"curies":[{"name":"wp","href":"https:\/\/api.w.org\/{rel}","templated":true}]}}