{"id":83,"date":"2022-04-20T16:07:18","date_gmt":"2022-04-20T14:07:18","guid":{"rendered":"https:\/\/cyberwroc.pl\/?page_id=83"},"modified":"2022-11-09T15:24:06","modified_gmt":"2022-11-09T14:24:06","slug":"tajniacy-duet","status":"publish","type":"page","link":"https:\/\/cyberwroc.pl\/index.php\/tajniacy-duet\/","title":{"rendered":"Tajniacy Duet"},"content":{"rendered":"\n<div class=\"wp-block-media-text alignwide is-stacked-on-mobile\" style=\"grid-template-columns:37% auto\"><figure class=\"wp-block-media-text__media\"><img decoding=\"async\" src=\"https:\/\/files.rebel.pl\/products\/100\/1379\/_105100\/rebel-tajniacy-duet-pudelko-1200x900-ffffff.jpg\" alt=\"\"\/><\/figure><div class=\"wp-block-media-text__content\">\n<p><strong>Tajniacy: Duet<\/strong>&nbsp;to kooperacyjna gra s\u0142owna dla 2 lub wi\u0119cej graczy. Na karcie klucza znajduje si\u0119 12&nbsp;p\u00f3l \u2013 9&nbsp;p\u00f3l oznacza s\u0142owa, kt\u00f3re musi odgadn\u0105\u0107 drugi tajniak, a 3 to s\u0142owa, kt\u00f3rych musi si\u0119 wystrzega\u0107. Aby naprowadzi\u0107 swojego partnera na konkretne s\u0142owa (b\u0105d\u017a s\u0142owo), dajesz mu jednowyrazowe wskaz\u00f3wki. Z kolei Tw\u00f3j partner daje Ci wskaz\u00f3wki do s\u0142\u00f3w, kt\u00f3re musisz odgadn\u0105\u0107. Je\u015bli obydwoje odgadniecie wszystkie s\u0142owa, nim wykorzystacie wszystkie swoje tury, wygrywacie i mo\u017cecie razem \u015bwi\u0119towa\u0107 zwyci\u0119stwo! Has\u0142a s\u0105 wieloznaczne, skojarzenia r\u00f3wnie\u017c \u2013 owocuje to rozgrywk\u0105 pe\u0142n\u0105 \u015bmiechu i emocji.&nbsp;<\/p>\n<\/div><\/div>\n\n\n\n<p class=\"has-text-align-center has-large-font-size\"><strong><a href=\"https:\/\/files.rebel.pl\/files\/instrukcje\/tajniacy_duet_www.pdf\" data-type=\"URL\" data-id=\"https:\/\/files.rebel.pl\/files\/instrukcje\/tajniacy_duet_www.pdf\">INSTRUKCJA<\/a><\/strong><\/p>\n","protected":false},"excerpt":{"rendered":"<p>Tajniacy: Duet&nbsp;to kooperacyjna gra s\u0142owna dla 2 lub wi\u0119cej graczy. Na karcie klucza znajduje si\u0119 12&nbsp;p\u00f3l \u2013 9&nbsp;p\u00f3l oznacza s\u0142owa, kt\u00f3re musi odgadn\u0105\u0107 drugi tajniak, a 3 to s\u0142owa, kt\u00f3rych musi si\u0119 wystrzega\u0107. Aby naprowadzi\u0107 swojego partnera na konkretne s\u0142owa (b\u0105d\u017a s\u0142owo), dajesz mu jednowyrazowe wskaz\u00f3wki. Z kolei Tw\u00f3j partner daje Ci wskaz\u00f3wki do s\u0142\u00f3w, [&hellip;]<\/p>\n","protected":false},"author":2,"featured_media":0,"parent":0,"menu_order":0,"comment_status":"closed","ping_status":"closed","template":"","meta":{"footnotes":""},"class_list":["post-83","page","type-page","status-publish","hentry"],"_links":{"self":[{"href":"https:\/\/cyberwroc.pl\/index.php\/wp-json\/wp\/v2\/pages\/83","targetHints":{"allow":["GET"]}}],"collection":[{"href":"https:\/\/cyberwroc.pl\/index.php\/wp-json\/wp\/v2\/pages"}],"about":[{"href":"https:\/\/cyberwroc.pl\/index.php\/wp-json\/wp\/v2\/types\/page"}],"author":[{"embeddable":true,"href":"https:\/\/cyberwroc.pl\/index.php\/wp-json\/wp\/v2\/users\/2"}],"replies":[{"embeddable":true,"href":"https:\/\/cyberwroc.pl\/index.php\/wp-json\/wp\/v2\/comments?post=83"}],"version-history":[{"count":3,"href":"https:\/\/cyberwroc.pl\/index.php\/wp-json\/wp\/v2\/pages\/83\/revisions"}],"predecessor-version":[{"id":519,"href":"https:\/\/cyberwroc.pl\/index.php\/wp-json\/wp\/v2\/pages\/83\/revisions\/519"}],"wp:attachment":[{"href":"https:\/\/cyberwroc.pl\/index.php\/wp-json\/wp\/v2\/media?parent=83"}],"curies":[{"name":"wp","href":"https:\/\/api.w.org\/{rel}","templated":true}]}}