{"id":831,"date":"2025-01-16T17:26:52","date_gmt":"2025-01-16T16:26:52","guid":{"rendered":"https:\/\/cyberwroc.pl\/?page_id=831"},"modified":"2025-01-16T17:26:52","modified_gmt":"2025-01-16T16:26:52","slug":"pocket-imperium","status":"publish","type":"page","link":"https:\/\/cyberwroc.pl\/index.php\/pocket-imperium\/","title":{"rendered":"Pocket Imperium"},"content":{"rendered":"\n<div class=\"wp-block-media-text is-stacked-on-mobile\"><figure class=\"wp-block-media-text__media\"><img loading=\"lazy\" decoding=\"async\" width=\"628\" height=\"900\" src=\"https:\/\/cyberwroc.pl\/wp-content\/uploads\/2025\/01\/6933cf8f43d3467fb9d2550b672182c2.jpg\" alt=\"\" class=\"wp-image-832 size-full\" srcset=\"https:\/\/cyberwroc.pl\/wp-content\/uploads\/2025\/01\/6933cf8f43d3467fb9d2550b672182c2.jpg 628w, https:\/\/cyberwroc.pl\/wp-content\/uploads\/2025\/01\/6933cf8f43d3467fb9d2550b672182c2-209x300.jpg 209w\" sizes=\"auto, (max-width: 628px) 100vw, 628px\" \/><\/figure><div class=\"wp-block-media-text__content\">\n<p>Wojenna zawierucha obj\u0119\u0142a ca\u0142e Imperium! Kosmiczne cywilizacje, rywalizuj\u0105c o uzyskanie przewagi, wysy\u0142aj\u0105 w galaktyczn\u0105 przestrze\u0144 floty statk\u00f3w kosmicznych. Ich celem jest zdobycie kontroli nad najzamo\u017cniejszymi systemami i obj\u0119cie dominacji w kosmosie!<\/p>\n<\/div><\/div>\n\n\n\n<p class=\"has-text-align-center\"><strong><a href=\"https:\/\/ludicreations.com\/wp-content\/uploads\/KS\/2015.01.PI\/Pocket_Imperium_Prosperity_rules_EN.pdf\" data-type=\"link\" data-id=\"https:\/\/ludicreations.com\/wp-content\/uploads\/KS\/2015.01.PI\/Pocket_Imperium_Prosperity_rules_EN.pdf\">Instrukcja<\/a><\/strong><\/p>\n","protected":false},"excerpt":{"rendered":"<p>Wojenna zawierucha obj\u0119\u0142a ca\u0142e Imperium! Kosmiczne cywilizacje, rywalizuj\u0105c o uzyskanie przewagi, wysy\u0142aj\u0105 w galaktyczn\u0105 przestrze\u0144 floty statk\u00f3w kosmicznych. Ich celem jest zdobycie kontroli nad najzamo\u017cniejszymi systemami i obj\u0119cie dominacji w kosmosie! Instrukcja<\/p>\n","protected":false},"author":6,"featured_media":0,"parent":0,"menu_order":0,"comment_status":"closed","ping_status":"closed","template":"","meta":{"footnotes":""},"class_list":["post-831","page","type-page","status-publish","hentry"],"_links":{"self":[{"href":"https:\/\/cyberwroc.pl\/index.php\/wp-json\/wp\/v2\/pages\/831","targetHints":{"allow":["GET"]}}],"collection":[{"href":"https:\/\/cyberwroc.pl\/index.php\/wp-json\/wp\/v2\/pages"}],"about":[{"href":"https:\/\/cyberwroc.pl\/index.php\/wp-json\/wp\/v2\/types\/page"}],"author":[{"embeddable":true,"href":"https:\/\/cyberwroc.pl\/index.php\/wp-json\/wp\/v2\/users\/6"}],"replies":[{"embeddable":true,"href":"https:\/\/cyberwroc.pl\/index.php\/wp-json\/wp\/v2\/comments?post=831"}],"version-history":[{"count":1,"href":"https:\/\/cyberwroc.pl\/index.php\/wp-json\/wp\/v2\/pages\/831\/revisions"}],"predecessor-version":[{"id":833,"href":"https:\/\/cyberwroc.pl\/index.php\/wp-json\/wp\/v2\/pages\/831\/revisions\/833"}],"wp:attachment":[{"href":"https:\/\/cyberwroc.pl\/index.php\/wp-json\/wp\/v2\/media?parent=831"}],"curies":[{"name":"wp","href":"https:\/\/api.w.org\/{rel}","templated":true}]}}