{"id":852,"date":"2025-01-16T17:57:51","date_gmt":"2025-01-16T16:57:51","guid":{"rendered":"https:\/\/cyberwroc.pl\/?page_id=852"},"modified":"2025-01-16T17:57:51","modified_gmt":"2025-01-16T16:57:51","slug":"civilization-nowy-poczatek","status":"publish","type":"page","link":"https:\/\/cyberwroc.pl\/index.php\/civilization-nowy-poczatek\/","title":{"rendered":"Civilization: Nowy Pocz\u0105tek"},"content":{"rendered":"\n<div class=\"wp-block-media-text is-stacked-on-mobile\"><figure class=\"wp-block-media-text__media\"><img loading=\"lazy\" decoding=\"async\" width=\"544\" height=\"530\" src=\"https:\/\/cyberwroc.pl\/wp-content\/uploads\/2025\/01\/sid-meier-s-civilization-nowy-poczatek-galakta-b-iext165893193.webp\" alt=\"\" class=\"wp-image-853 size-full\" srcset=\"https:\/\/cyberwroc.pl\/wp-content\/uploads\/2025\/01\/sid-meier-s-civilization-nowy-poczatek-galakta-b-iext165893193.webp 544w, https:\/\/cyberwroc.pl\/wp-content\/uploads\/2025\/01\/sid-meier-s-civilization-nowy-poczatek-galakta-b-iext165893193-300x292.webp 300w\" sizes=\"auto, (max-width: 544px) 100vw, 544px\" \/><\/figure><div class=\"wp-block-media-text__content\">\n<p><strong>Sid Meier\u2019s Civilization: Nowy pocz\u0105tek<\/strong>\u00a0to gra planszowa, w kt\u00f3rej od 2 do 4 graczy prowadzi swoje wielkie cywilizacje poprzez dzieje, podbijaj\u0105c nowe tereny, wytyczaj\u0105c szlaki handlowe i wznosz\u0105c imponuj\u0105ce miasta i cuda \u015bwiata.<\/p>\n<\/div><\/div>\n\n\n\n<p><\/p>\n","protected":false},"excerpt":{"rendered":"<p>Sid Meier\u2019s Civilization: Nowy pocz\u0105tek\u00a0to gra planszowa, w kt\u00f3rej od 2 do 4 graczy prowadzi swoje wielkie cywilizacje poprzez dzieje, podbijaj\u0105c nowe tereny, wytyczaj\u0105c szlaki handlowe i wznosz\u0105c imponuj\u0105ce miasta i cuda \u015bwiata.<\/p>\n","protected":false},"author":6,"featured_media":0,"parent":0,"menu_order":0,"comment_status":"closed","ping_status":"closed","template":"","meta":{"footnotes":""},"class_list":["post-852","page","type-page","status-publish","hentry"],"_links":{"self":[{"href":"https:\/\/cyberwroc.pl\/index.php\/wp-json\/wp\/v2\/pages\/852","targetHints":{"allow":["GET"]}}],"collection":[{"href":"https:\/\/cyberwroc.pl\/index.php\/wp-json\/wp\/v2\/pages"}],"about":[{"href":"https:\/\/cyberwroc.pl\/index.php\/wp-json\/wp\/v2\/types\/page"}],"author":[{"embeddable":true,"href":"https:\/\/cyberwroc.pl\/index.php\/wp-json\/wp\/v2\/users\/6"}],"replies":[{"embeddable":true,"href":"https:\/\/cyberwroc.pl\/index.php\/wp-json\/wp\/v2\/comments?post=852"}],"version-history":[{"count":1,"href":"https:\/\/cyberwroc.pl\/index.php\/wp-json\/wp\/v2\/pages\/852\/revisions"}],"predecessor-version":[{"id":854,"href":"https:\/\/cyberwroc.pl\/index.php\/wp-json\/wp\/v2\/pages\/852\/revisions\/854"}],"wp:attachment":[{"href":"https:\/\/cyberwroc.pl\/index.php\/wp-json\/wp\/v2\/media?parent=852"}],"curies":[{"name":"wp","href":"https:\/\/api.w.org\/{rel}","templated":true}]}}