{"id":860,"date":"2025-01-16T18:08:29","date_gmt":"2025-01-16T17:08:29","guid":{"rendered":"https:\/\/cyberwroc.pl\/?page_id=860"},"modified":"2025-01-16T18:08:29","modified_gmt":"2025-01-16T17:08:29","slug":"7-cudow-swiata","status":"publish","type":"page","link":"https:\/\/cyberwroc.pl\/index.php\/7-cudow-swiata\/","title":{"rendered":"7 Cud\u00f3w \u015awiata"},"content":{"rendered":"\n<div class=\"wp-block-media-text is-stacked-on-mobile\"><figure class=\"wp-block-media-text__media\"><img loading=\"lazy\" decoding=\"async\" width=\"560\" height=\"600\" src=\"https:\/\/cyberwroc.pl\/wp-content\/uploads\/2025\/01\/75761b00c826600407c091f0539a8842.jpg\" alt=\"\" class=\"wp-image-861 size-full\" srcset=\"https:\/\/cyberwroc.pl\/wp-content\/uploads\/2025\/01\/75761b00c826600407c091f0539a8842.jpg 560w, https:\/\/cyberwroc.pl\/wp-content\/uploads\/2025\/01\/75761b00c826600407c091f0539a8842-280x300.jpg 280w\" sizes=\"auto, (max-width: 560px) 100vw, 560px\" \/><\/figure><div class=\"wp-block-media-text__content\">\n<p><strong>Poka\u017c, jakie cuda mo\u017ce zbudowa\u0107 Twoja cywilizacja!<\/strong><\/p>\n\n\n\n<p>Zosta\u0144 przyw\u00f3dc\u0105 jednego z siedmiu wielkich miast \u015bwiata antycznego. Zbieraj surowce ze swoich ziem, we\u017a udzia\u0142 w odwiecznym wy\u015bcigu cywilizacyjnym, nawi\u0105\u017c kontakty handlowe i stw\u00f3rz militarn\u0105 pot\u0119g\u0119. Pozostaw \u015blad na kartach historii buduj\u0105c cud architektury, kt\u00f3ry przetrwa wieki!<\/p>\n<\/div><\/div>\n\n\n\n<p class=\"has-text-align-center\"><strong><a href=\"https:\/\/files.rebel.pl\/files\/instrukcje\/7Cudow.pdf\" data-type=\"link\" data-id=\"https:\/\/files.rebel.pl\/files\/instrukcje\/7Cudow.pdf\">Instrukcja<\/a><\/strong><\/p>\n","protected":false},"excerpt":{"rendered":"<p>Poka\u017c, jakie cuda mo\u017ce zbudowa\u0107 Twoja cywilizacja! Zosta\u0144 przyw\u00f3dc\u0105 jednego z siedmiu wielkich miast \u015bwiata antycznego. Zbieraj surowce ze swoich ziem, we\u017a udzia\u0142 w odwiecznym wy\u015bcigu cywilizacyjnym, nawi\u0105\u017c kontakty handlowe i stw\u00f3rz militarn\u0105 pot\u0119g\u0119. Pozostaw \u015blad na kartach historii buduj\u0105c cud architektury, kt\u00f3ry przetrwa wieki! Instrukcja<\/p>\n","protected":false},"author":6,"featured_media":0,"parent":0,"menu_order":0,"comment_status":"closed","ping_status":"closed","template":"","meta":{"footnotes":""},"class_list":["post-860","page","type-page","status-publish","hentry"],"_links":{"self":[{"href":"https:\/\/cyberwroc.pl\/index.php\/wp-json\/wp\/v2\/pages\/860","targetHints":{"allow":["GET"]}}],"collection":[{"href":"https:\/\/cyberwroc.pl\/index.php\/wp-json\/wp\/v2\/pages"}],"about":[{"href":"https:\/\/cyberwroc.pl\/index.php\/wp-json\/wp\/v2\/types\/page"}],"author":[{"embeddable":true,"href":"https:\/\/cyberwroc.pl\/index.php\/wp-json\/wp\/v2\/users\/6"}],"replies":[{"embeddable":true,"href":"https:\/\/cyberwroc.pl\/index.php\/wp-json\/wp\/v2\/comments?post=860"}],"version-history":[{"count":1,"href":"https:\/\/cyberwroc.pl\/index.php\/wp-json\/wp\/v2\/pages\/860\/revisions"}],"predecessor-version":[{"id":862,"href":"https:\/\/cyberwroc.pl\/index.php\/wp-json\/wp\/v2\/pages\/860\/revisions\/862"}],"wp:attachment":[{"href":"https:\/\/cyberwroc.pl\/index.php\/wp-json\/wp\/v2\/media?parent=860"}],"curies":[{"name":"wp","href":"https:\/\/api.w.org\/{rel}","templated":true}]}}