{"id":868,"date":"2025-03-27T14:21:49","date_gmt":"2025-03-27T13:21:49","guid":{"rendered":"https:\/\/cyberwroc.pl\/?page_id=868"},"modified":"2025-03-27T14:21:49","modified_gmt":"2025-03-27T13:21:49","slug":"memy","status":"publish","type":"page","link":"https:\/\/cyberwroc.pl\/index.php\/memy\/","title":{"rendered":"Memy"},"content":{"rendered":"\n<div class=\"wp-block-media-text is-stacked-on-mobile\"><figure class=\"wp-block-media-text__media\"><img loading=\"lazy\" decoding=\"async\" width=\"1000\" height=\"1000\" src=\"https:\/\/cyberwroc.pl\/wp-content\/uploads\/2025\/03\/Memy_Prevka_1000x1000.png\" alt=\"\" class=\"wp-image-869 size-full\" srcset=\"https:\/\/cyberwroc.pl\/wp-content\/uploads\/2025\/03\/Memy_Prevka_1000x1000.png 1000w, https:\/\/cyberwroc.pl\/wp-content\/uploads\/2025\/03\/Memy_Prevka_1000x1000-300x300.png 300w, https:\/\/cyberwroc.pl\/wp-content\/uploads\/2025\/03\/Memy_Prevka_1000x1000-150x150.png 150w, https:\/\/cyberwroc.pl\/wp-content\/uploads\/2025\/03\/Memy_Prevka_1000x1000-768x768.png 768w\" sizes=\"auto, (max-width: 1000px) 100vw, 1000px\" \/><\/figure><div class=\"wp-block-media-text__content\">\n<p><strong>Nie musisz ju\u017c szuka\u0107.<\/strong>\u00a0Teraz s\u0105\u00a0<strong>Memy<\/strong>\u00a0\u2013 bestsellerowa gra karciana dla doros\u0142ych, kt\u00f3rzy okropnie \u015bmiesznie komentuj\u0105 to, co widz\u0105.<\/p>\n<\/div><\/div>\n\n\n\n<p class=\"has-text-align-center\"><strong>Instrukcja<\/strong> <strong>na pude\u0142ku<\/strong><\/p>\n","protected":false},"excerpt":{"rendered":"<p>Nie musisz ju\u017c szuka\u0107.\u00a0Teraz s\u0105\u00a0Memy\u00a0\u2013 bestsellerowa gra karciana dla doros\u0142ych, kt\u00f3rzy okropnie \u015bmiesznie komentuj\u0105 to, co widz\u0105. Instrukcja na pude\u0142ku<\/p>\n","protected":false},"author":1,"featured_media":0,"parent":0,"menu_order":0,"comment_status":"closed","ping_status":"closed","template":"","meta":{"footnotes":""},"class_list":["post-868","page","type-page","status-publish","hentry"],"_links":{"self":[{"href":"https:\/\/cyberwroc.pl\/index.php\/wp-json\/wp\/v2\/pages\/868","targetHints":{"allow":["GET"]}}],"collection":[{"href":"https:\/\/cyberwroc.pl\/index.php\/wp-json\/wp\/v2\/pages"}],"about":[{"href":"https:\/\/cyberwroc.pl\/index.php\/wp-json\/wp\/v2\/types\/page"}],"author":[{"embeddable":true,"href":"https:\/\/cyberwroc.pl\/index.php\/wp-json\/wp\/v2\/users\/1"}],"replies":[{"embeddable":true,"href":"https:\/\/cyberwroc.pl\/index.php\/wp-json\/wp\/v2\/comments?post=868"}],"version-history":[{"count":1,"href":"https:\/\/cyberwroc.pl\/index.php\/wp-json\/wp\/v2\/pages\/868\/revisions"}],"predecessor-version":[{"id":870,"href":"https:\/\/cyberwroc.pl\/index.php\/wp-json\/wp\/v2\/pages\/868\/revisions\/870"}],"wp:attachment":[{"href":"https:\/\/cyberwroc.pl\/index.php\/wp-json\/wp\/v2\/media?parent=868"}],"curies":[{"name":"wp","href":"https:\/\/api.w.org\/{rel}","templated":true}]}}